{"id":1175,"date":"2021-10-25T09:27:15","date_gmt":"2021-10-25T14:27:15","guid":{"rendered":"https:\/\/www.lemas.edu.ec\/ml1\/?page_id=1175"},"modified":"2025-08-26T10:35:16","modified_gmt":"2025-08-26T15:35:16","slug":"historia","status":"publish","type":"page","link":"https:\/\/www.lemas.edu.ec\/ml1\/historia\/","title":{"rendered":"Historia"},"content":{"rendered":"\t\t<div data-elementor-type=\"wp-page\" data-elementor-id=\"1175\" class=\"elementor elementor-1175\">\n\t\t\t\t\t\t<section class=\"elementor-section elementor-top-section elementor-element elementor-element-4f17ed4e elementor-section-boxed elementor-section-height-default elementor-section-height-default\" data-id=\"4f17ed4e\" data-element_type=\"section\" data-e-type=\"section\">\n\t\t\t\t\t\t<div class=\"elementor-container elementor-column-gap-default\">\n\t\t\t\t\t<div class=\"elementor-column elementor-col-100 elementor-top-column elementor-element elementor-element-5edc8ec1\" data-id=\"5edc8ec1\" data-element_type=\"column\" data-e-type=\"column\">\n\t\t\t<div class=\"elementor-widget-wrap elementor-element-populated\">\n\t\t\t\t\t\t<div class=\"elementor-element elementor-element-54f6783 elementor-widget elementor-widget-text-editor\" data-id=\"54f6783\" data-element_type=\"widget\" data-e-type=\"widget\" data-widget_type=\"text-editor.default\">\n\t\t\t\t<div class=\"elementor-widget-container\">\n\t\t\t\t\t\t\t\t\t<h1>Historia<\/h1><p><img decoding=\"async\" title=\"ltiempo\" src=\"https:\/\/www.lemas.edu.ec\/ml1\/wp-content\/uploads\/2025\/01\/ltiempo-scaled.jpg\" alt=\"ltiempo\" \/><\/p><h2><a href=\"#mision\">Nuestra Historia se construye cada d\u00eda &#8230;<\/a><\/h2><p>La Unidad Educativa LEMAS naci\u00f3 con el respaldo de 53 a\u00f1os de experiencia de la Unidad Educativa Mariscal Sucre, y bajo la iniciativa del Ing. V\u00edctor Hugo Calder\u00f3n Morales que asume el reto de dirigir la instituci\u00f3n independiz\u00e1ndose del Mariscal Sucre en el 2010.<\/p><p>Iniciamos en un espacio reducido con las inscripciones y matr\u00edculas completando 283 alumnos. Inauguramos nuestras aulas el viernes 3 de Abril del 2009 con la presencia del Alcalde de la ciudad y de la Supervisora Escolar; desarrollamos nuestro per\u00edodo lectivo 2009 \u2013 2010 con mucho entusiasmo y dedicaci\u00f3n, y a partir de ello hemos marcado diferentes hitos a los largo de nuestra vida institucional, que se resumen en el gr\u00e1fico mostrado a la izquierda<\/p><p>Nuestra historia no acaba, se construye cada d\u00eda, se fortalece con cada uno de sus actores, quienes de una u otra manera, aportan su granito de arena, para que la Instituci\u00f3n Educativa siga proyect\u00e1ndose y destac\u00e1ndose en el concierto local, provincial y por qu\u00e9 no, nacional. Convencidos una vez m\u00e1s que la educaci\u00f3n de seres humanos con valores democr\u00e1ticos, \u00e9ticos, morales con alto nivel acad\u00e9mico y competitivo.<\/p><p>Como meta institucional so\u00f1amos con un egresado que tenga esp\u00edritu emprendedor, y que ejerza de manera plena y consciente su libertad, comprometido en retribuir con su trabajo y servicio a la comunidad que le permiti\u00f3 desarrollarse, son pilares para dar a nuestra sociedad hombres y mujeres de bien y ciudadanos y ciudadanas ejemplares.<\/p><figure><img decoding=\"async\" src=\"https:\/\/www.lemas.edu.ec\/ml1\/wp-content\/uploads\/2021\/10\/1-220x249.jpg\" alt=\"Inauguraci\u00f3n Primera Piedra\" \/><\/figure><figure><img decoding=\"async\" src=\"https:\/\/www.lemas.edu.ec\/ml1\/wp-content\/uploads\/2021\/10\/2-220x249.jpg\" alt=\"Presentaci\u00f3n Maqueta LEMAS\" \/><\/figure><figure><img decoding=\"async\" src=\"https:\/\/www.lemas.edu.ec\/ml1\/wp-content\/uploads\/2021\/10\/3-220x249.jpg\" alt=\"Inicio de Obra Civil\" \/><\/figure><figure><img decoding=\"async\" src=\"https:\/\/www.lemas.edu.ec\/ml1\/wp-content\/uploads\/2021\/10\/4-220x249.jpg\" alt=\"Bloque administrativo\" \/><\/figure><figure><img decoding=\"async\" src=\"https:\/\/www.lemas.edu.ec\/ml1\/wp-content\/uploads\/2021\/10\/5-220x249.jpg\" alt=\"Responsables Obra Civil\" \/><\/figure><figure><img decoding=\"async\" src=\"https:\/\/www.lemas.edu.ec\/ml1\/wp-content\/uploads\/2021\/10\/6-220x249.jpg\" alt=\"Inscripciones 2009\" \/><\/figure><figure><img decoding=\"async\" src=\"https:\/\/www.lemas.edu.ec\/ml1\/wp-content\/uploads\/2021\/10\/7-220x249.jpg\" alt=\"Nivelaci\u00f3n 2009\" \/><\/figure><figure><img decoding=\"async\" src=\"https:\/\/www.lemas.edu.ec\/ml1\/wp-content\/uploads\/2021\/10\/8-220x249.jpg\" alt=\"Inicio de clases 2009\" \/><\/figure><p>Anterior<br \/>Siguiente<\/p><p>Por nuestro trabajo, nuestro empe\u00f1o y nuestros logros nos sentimos: \u201cOrgullosos de nuestro pasado, seguros de nuestro presente y responsables de nuestro futuro\u201d.<\/p>\t\t\t\t\t\t\t\t<\/div>\n\t\t\t\t<\/div>\n\t\t\t\t\t<\/div>\n\t\t<\/div>\n\t\t\t\t\t<\/div>\n\t\t<\/section>\n\t\t\t\t<section class=\"elementor-section elementor-top-section elementor-element elementor-element-c6f5204 elementor-section-full_width elementor-section-content-middle elementor-section-height-default elementor-section-height-default\" data-id=\"c6f5204\" data-element_type=\"section\" data-e-type=\"section\">\n\t\t\t\t\t\t<div class=\"elementor-container elementor-column-gap-wider\">\n\t\t\t\t\t<div class=\"elementor-column elementor-col-100 elementor-top-column elementor-element elementor-element-aebb081\" data-id=\"aebb081\" data-element_type=\"column\" data-e-type=\"column\">\n\t\t\t<div class=\"elementor-widget-wrap elementor-element-populated\">\n\t\t\t\t\t\t<div class=\"elementor-element elementor-element-bbd6392 elementor-widget elementor-widget-image\" data-id=\"bbd6392\" data-element_type=\"widget\" data-e-type=\"widget\" data-widget_type=\"image.default\">\n\t\t\t\t<div class=\"elementor-widget-container\">\n\t\t\t\t\t\t\t\t\t\t\t\t\t\t\t<img fetchpriority=\"high\" decoding=\"async\" width=\"2560\" height=\"817\" src=\"https:\/\/www.lemas.edu.ec\/ml1\/wp-content\/uploads\/2025\/08\/HOME-15.jpg\" class=\"attachment-full size-full wp-image-8043\" alt=\"\" srcset=\"https:\/\/www.lemas.edu.ec\/ml1\/wp-content\/uploads\/2025\/08\/HOME-15.jpg 2560w, https:\/\/www.lemas.edu.ec\/ml1\/wp-content\/uploads\/2025\/08\/HOME-15-300x96.jpg 300w, https:\/\/www.lemas.edu.ec\/ml1\/wp-content\/uploads\/2025\/08\/HOME-15-1024x327.jpg 1024w, https:\/\/www.lemas.edu.ec\/ml1\/wp-content\/uploads\/2025\/08\/HOME-15-100x32.jpg 100w, https:\/\/www.lemas.edu.ec\/ml1\/wp-content\/uploads\/2025\/08\/HOME-15-1536x490.jpg 1536w, https:\/\/www.lemas.edu.ec\/ml1\/wp-content\/uploads\/2025\/08\/HOME-15-2048x654.jpg 2048w, https:\/\/www.lemas.edu.ec\/ml1\/wp-content\/uploads\/2025\/08\/HOME-15-150x48.jpg 150w\" sizes=\"(max-width: 2560px) 100vw, 2560px\" \/>\t\t\t\t\t\t\t\t\t\t\t\t\t\t\t<\/div>\n\t\t\t\t<\/div>\n\t\t\t\t\t<\/div>\n\t\t<\/div>\n\t\t\t\t\t<\/div>\n\t\t<\/section>\n\t\t\t\t<\/div>\n\t\t","protected":false},"excerpt":{"rendered":"<p>Historia Nuestra Historia se construye cada d\u00eda &#8230; La Unidad Educativa LEMAS naci\u00f3 con el respaldo de 53 a\u00f1os de experiencia de la Unidad Educativa&nbsp;<a href=\"https:\/\/www.lemas.edu.ec\/ml1\/historia\/\">&hellip;<\/a><\/p>\n","protected":false},"author":1,"featured_media":0,"parent":0,"menu_order":0,"comment_status":"closed","ping_status":"closed","template":"","meta":{"footnotes":""},"class_list":["post-1175","page","type-page","status-publish","hentry","odd"],"_links":{"self":[{"href":"https:\/\/www.lemas.edu.ec\/ml1\/wp-json\/wp\/v2\/pages\/1175","targetHints":{"allow":["GET"]}}],"collection":[{"href":"https:\/\/www.lemas.edu.ec\/ml1\/wp-json\/wp\/v2\/pages"}],"about":[{"href":"https:\/\/www.lemas.edu.ec\/ml1\/wp-json\/wp\/v2\/types\/page"}],"author":[{"embeddable":true,"href":"https:\/\/www.lemas.edu.ec\/ml1\/wp-json\/wp\/v2\/users\/1"}],"replies":[{"embeddable":true,"href":"https:\/\/www.lemas.edu.ec\/ml1\/wp-json\/wp\/v2\/comments?post=1175"}],"version-history":[{"count":131,"href":"https:\/\/www.lemas.edu.ec\/ml1\/wp-json\/wp\/v2\/pages\/1175\/revisions"}],"predecessor-version":[{"id":8055,"href":"https:\/\/www.lemas.edu.ec\/ml1\/wp-json\/wp\/v2\/pages\/1175\/revisions\/8055"}],"wp:attachment":[{"href":"https:\/\/www.lemas.edu.ec\/ml1\/wp-json\/wp\/v2\/media?parent=1175"}],"curies":[{"name":"wp","href":"https:\/\/api.w.org\/{rel}","templated":true}]}}