{"id":1859,"date":"2021-10-26T11:36:19","date_gmt":"2021-10-26T16:36:19","guid":{"rendered":"https:\/\/www.lemas.edu.ec\/ml1\/?page_id=1859"},"modified":"2025-08-27T14:16:18","modified_gmt":"2025-08-27T19:16:18","slug":"ecosistema-digital","status":"publish","type":"page","link":"https:\/\/www.lemas.edu.ec\/ml1\/ecosistema-digital\/","title":{"rendered":"Ecosistema Digital"},"content":{"rendered":"\t\t<div data-elementor-type=\"wp-page\" data-elementor-id=\"1859\" class=\"elementor elementor-1859\">\n\t\t\t\t\t\t<section class=\"elementor-section elementor-top-section elementor-element elementor-element-4fc56360 elementor-section-stretched elementor-section-boxed elementor-section-height-default elementor-section-height-default\" data-id=\"4fc56360\" data-element_type=\"section\" data-e-type=\"section\" data-settings=\"{&quot;background_background&quot;:&quot;classic&quot;,&quot;stretch_section&quot;:&quot;section-stretched&quot;}\">\n\t\t\t\t\t\t\t<div class=\"elementor-background-overlay\"><\/div>\n\t\t\t\t\t\t\t<div class=\"elementor-container elementor-column-gap-default\">\n\t\t\t\t\t<div class=\"elementor-column elementor-col-50 elementor-top-column elementor-element elementor-element-4125c634\" data-id=\"4125c634\" data-element_type=\"column\" data-e-type=\"column\" data-settings=\"{&quot;background_background&quot;:&quot;classic&quot;}\">\n\t\t\t<div class=\"elementor-widget-wrap elementor-element-populated\">\n\t\t\t\t\t\t<div class=\"elementor-element elementor-element-73c142ac elementor-widget elementor-widget-heading\" data-id=\"73c142ac\" data-element_type=\"widget\" data-e-type=\"widget\" data-widget_type=\"heading.default\">\n\t\t\t\t<div class=\"elementor-widget-container\">\n\t\t\t\t\t<h1 class=\"elementor-heading-title elementor-size-default\">Ecosistema Digital<\/h1>\t\t\t\t<\/div>\n\t\t\t\t<\/div>\n\t\t\t\t<div class=\"elementor-element elementor-element-3ec1f7eb elementor-view-default elementor-widget elementor-widget-icon\" data-id=\"3ec1f7eb\" data-element_type=\"widget\" data-e-type=\"widget\" data-widget_type=\"icon.default\">\n\t\t\t\t<div class=\"elementor-widget-container\">\n\t\t\t\t\t\t\t<div class=\"elementor-icon-wrapper\">\n\t\t\t<div class=\"elementor-icon\">\n\t\t\t<i aria-hidden=\"true\" class=\"fas fa-caret-down\"><\/i>\t\t\t<\/div>\n\t\t<\/div>\n\t\t\t\t\t\t<\/div>\n\t\t\t\t<\/div>\n\t\t\t\t\t<\/div>\n\t\t<\/div>\n\t\t\t\t<div class=\"elementor-column elementor-col-50 elementor-top-column elementor-element elementor-element-81f52f9\" data-id=\"81f52f9\" data-element_type=\"column\" data-e-type=\"column\">\n\t\t\t<div class=\"elementor-widget-wrap\">\n\t\t\t\t\t\t\t<\/div>\n\t\t<\/div>\n\t\t\t\t\t<\/div>\n\t\t<\/section>\n\t\t\t\t<section class=\"elementor-section elementor-top-section elementor-element elementor-element-1841f2e1 elementor-section-stretched elementor-section-boxed elementor-section-height-default elementor-section-height-default\" data-id=\"1841f2e1\" data-element_type=\"section\" data-e-type=\"section\" data-settings=\"{&quot;background_background&quot;:&quot;classic&quot;,&quot;stretch_section&quot;:&quot;section-stretched&quot;}\">\n\t\t\t\t\t\t<div class=\"elementor-container elementor-column-gap-default\">\n\t\t\t\t\t<div class=\"elementor-column elementor-col-100 elementor-top-column elementor-element elementor-element-5cca904\" data-id=\"5cca904\" data-element_type=\"column\" data-e-type=\"column\" data-settings=\"{&quot;background_background&quot;:&quot;classic&quot;}\">\n\t\t\t<div class=\"elementor-widget-wrap elementor-element-populated\">\n\t\t\t\t\t\t<div class=\"elementor-element elementor-element-7eede444 elementor-widget elementor-widget-text-editor\" data-id=\"7eede444\" data-element_type=\"widget\" data-e-type=\"widget\" data-widget_type=\"text-editor.default\">\n\t\t\t\t<div class=\"elementor-widget-container\">\n\t\t\t\t\t\t\t\t\tLa Instituci\u00f3n cuenta con aval internacional dentro y fuera del aula, en todos los \u00e1mbitos del proceso ense\u00f1anza &#8211; aprendizaje, el mismo que permite el desarrollo de un sistema educativo virtual y\/o presencial de manera natural y aut\u00e9ntica.\t\t\t\t\t\t\t\t<\/div>\n\t\t\t\t<\/div>\n\t\t\t\t\t<\/div>\n\t\t<\/div>\n\t\t\t\t\t<\/div>\n\t\t<\/section>\n\t\t\t\t<section class=\"elementor-section elementor-top-section elementor-element elementor-element-73451db4 elementor-section-stretched elementor-section-boxed elementor-section-height-default elementor-section-height-default\" data-id=\"73451db4\" data-element_type=\"section\" data-e-type=\"section\" data-settings=\"{&quot;background_background&quot;:&quot;classic&quot;,&quot;stretch_section&quot;:&quot;section-stretched&quot;}\">\n\t\t\t\t\t\t<div class=\"elementor-container elementor-column-gap-default\">\n\t\t\t\t\t<div class=\"elementor-column elementor-col-50 elementor-top-column elementor-element elementor-element-6cec7c92\" data-id=\"6cec7c92\" data-element_type=\"column\" data-e-type=\"column\" data-settings=\"{&quot;background_background&quot;:&quot;classic&quot;}\">\n\t\t\t<div class=\"elementor-widget-wrap elementor-element-populated\">\n\t\t\t\t\t\t<div class=\"elementor-element elementor-element-6d71a047 elementor-widget elementor-widget-heading\" data-id=\"6d71a047\" data-element_type=\"widget\" data-e-type=\"widget\" data-widget_type=\"heading.default\">\n\t\t\t\t<div class=\"elementor-widget-container\">\n\t\t\t\t\t<h2 class=\"elementor-heading-title elementor-size-default\">Espacios Multimedia<\/h2>\t\t\t\t<\/div>\n\t\t\t\t<\/div>\n\t\t\t\t<div class=\"elementor-element elementor-element-73b02567 elementor-widget elementor-widget-text-editor\" data-id=\"73b02567\" data-element_type=\"widget\" data-e-type=\"widget\" data-widget_type=\"text-editor.default\">\n\t\t\t\t<div class=\"elementor-widget-container\">\n\t\t\t\t\t\t\t\t\t<ul>\n \t<li>Salones equipados con proyector, laptop, c\u00e1mara web, teclado inal\u00e1mbrico, micr\u00f3fonos ambientales, parlantes de tumbado, permitiendo un mejor desarrollo de las clases, presenciales, virtuales e h\u00edbridas.\n<li>Laboratorios de Inform\u00e1tica que permiten a los estudiantes, desde Primero EGB hasta Tercero Bachillerato, mejorar sus habilidades tecnol\u00f3gicas y su aplicaci\u00f3n en todas las \u00e1reas de estudio.\n<li>Laboratorio de Rob\u00f3tica donde los estudiantes, desde Segundo EGB hasta D\u00e9cimo EGB, dan rienda suelta a su imaginaci\u00f3n a trav\u00e9s del dise\u00f1o de diferentes proyectos.\n\n<\/ul>\t\t\t\t\t\t\t\t<\/div>\n\t\t\t\t<\/div>\n\t\t\t\t\t<\/div>\n\t\t<\/div>\n\t\t\t\t<div class=\"elementor-column elementor-col-50 elementor-top-column elementor-element elementor-element-667a923\" data-id=\"667a923\" data-element_type=\"column\" data-e-type=\"column\">\n\t\t\t<div class=\"elementor-widget-wrap elementor-element-populated\">\n\t\t\t\t\t\t<div class=\"elementor-element elementor-element-2453400e elementor-widget elementor-widget-image\" data-id=\"2453400e\" data-element_type=\"widget\" data-e-type=\"widget\" data-widget_type=\"image.default\">\n\t\t\t\t<div class=\"elementor-widget-container\">\n\t\t\t\t\t\t\t\t\t\t\t\t\t\t\t<img fetchpriority=\"high\" decoding=\"async\" width=\"760\" height=\"570\" src=\"https:\/\/www.lemas.edu.ec\/ml1\/wp-content\/uploads\/2025\/08\/IMG_3602-760x570.png\" class=\"attachment-large size-large wp-image-8178\" alt=\"\" srcset=\"https:\/\/www.lemas.edu.ec\/ml1\/wp-content\/uploads\/2025\/08\/IMG_3602.png 760w, https:\/\/www.lemas.edu.ec\/ml1\/wp-content\/uploads\/2025\/08\/IMG_3602-300x225.png 300w, https:\/\/www.lemas.edu.ec\/ml1\/wp-content\/uploads\/2025\/08\/IMG_3602-100x75.png 100w, https:\/\/www.lemas.edu.ec\/ml1\/wp-content\/uploads\/2025\/08\/IMG_3602-150x113.png 150w\" sizes=\"(max-width: 760px) 100vw, 760px\" \/>\t\t\t\t\t\t\t\t\t\t\t\t\t\t\t<\/div>\n\t\t\t\t<\/div>\n\t\t\t\t\t<\/div>\n\t\t<\/div>\n\t\t\t\t\t<\/div>\n\t\t<\/section>\n\t\t\t\t<section class=\"elementor-section elementor-top-section elementor-element elementor-element-6d17c6c elementor-section-stretched elementor-section-boxed elementor-section-height-default elementor-section-height-default\" data-id=\"6d17c6c\" data-element_type=\"section\" data-e-type=\"section\" data-settings=\"{&quot;background_background&quot;:&quot;classic&quot;,&quot;stretch_section&quot;:&quot;section-stretched&quot;}\">\n\t\t\t\t\t\t<div class=\"elementor-container elementor-column-gap-default\">\n\t\t\t\t\t<div class=\"elementor-column elementor-col-50 elementor-top-column elementor-element elementor-element-3cc25ab\" data-id=\"3cc25ab\" data-element_type=\"column\" data-e-type=\"column\" data-settings=\"{&quot;background_background&quot;:&quot;classic&quot;}\">\n\t\t\t<div class=\"elementor-widget-wrap elementor-element-populated\">\n\t\t\t\t\t\t<div class=\"elementor-element elementor-element-cefcdb3 elementor-widget elementor-widget-heading\" data-id=\"cefcdb3\" data-element_type=\"widget\" data-e-type=\"widget\" data-widget_type=\"heading.default\">\n\t\t\t\t<div class=\"elementor-widget-container\">\n\t\t\t\t\t<h2 class=\"elementor-heading-title elementor-size-default\">Recursos Tecnol\u00f3gicos<\/h2>\t\t\t\t<\/div>\n\t\t\t\t<\/div>\n\t\t\t\t<div class=\"elementor-element elementor-element-af5658b elementor-widget elementor-widget-text-editor\" data-id=\"af5658b\" data-element_type=\"widget\" data-e-type=\"widget\" data-widget_type=\"text-editor.default\">\n\t\t\t\t<div class=\"elementor-widget-container\">\n\t\t\t\t\t\t\t\t\t<ul><li>Tablets<\/li><li>Aplicativos y p\u00e1ginas web educativas<\/li><li>Plataforma LinL.-\u00a0 aula virtual que permite la interacci\u00f3n de docentes, estudiantes y padres de familia, en momentos sincr\u00f3nicos y asincr\u00f3nicos del proceso de ense\u00f1anza. Adem\u00e1s ya contamos con el aplicativo que permitir\u00e1 a los Padres de Familia, dar un mejor seguimiento de las actividades diarias, de acuerdo a la planificaci\u00f3n desarrollada por los docentes.<\/li><\/ul>\t\t\t\t\t\t\t\t<\/div>\n\t\t\t\t<\/div>\n\t\t\t\t\t<\/div>\n\t\t<\/div>\n\t\t\t\t<div class=\"elementor-column elementor-col-50 elementor-top-column elementor-element elementor-element-cd81e95\" data-id=\"cd81e95\" data-element_type=\"column\" data-e-type=\"column\">\n\t\t\t<div class=\"elementor-widget-wrap elementor-element-populated\">\n\t\t\t\t\t\t<div class=\"elementor-element elementor-element-f594692 elementor-widget elementor-widget-image\" data-id=\"f594692\" data-element_type=\"widget\" data-e-type=\"widget\" data-widget_type=\"image.default\">\n\t\t\t\t<div class=\"elementor-widget-container\">\n\t\t\t\t\t\t\t\t\t\t\t\t\t\t\t<img decoding=\"async\" width=\"1024\" height=\"768\" src=\"https:\/\/www.lemas.edu.ec\/ml1\/wp-content\/uploads\/2025\/08\/IMG-20230720-WA0155-1024x768.jpg\" class=\"attachment-large size-large wp-image-8180\" alt=\"\" srcset=\"https:\/\/www.lemas.edu.ec\/ml1\/wp-content\/uploads\/2025\/08\/IMG-20230720-WA0155-1024x768.jpg 1024w, https:\/\/www.lemas.edu.ec\/ml1\/wp-content\/uploads\/2025\/08\/IMG-20230720-WA0155-300x225.jpg 300w, https:\/\/www.lemas.edu.ec\/ml1\/wp-content\/uploads\/2025\/08\/IMG-20230720-WA0155-100x75.jpg 100w, https:\/\/www.lemas.edu.ec\/ml1\/wp-content\/uploads\/2025\/08\/IMG-20230720-WA0155-1536x1153.jpg 1536w, https:\/\/www.lemas.edu.ec\/ml1\/wp-content\/uploads\/2025\/08\/IMG-20230720-WA0155.jpg 1599w, https:\/\/www.lemas.edu.ec\/ml1\/wp-content\/uploads\/2025\/08\/IMG-20230720-WA0155-150x113.jpg 150w\" sizes=\"(max-width: 1024px) 100vw, 1024px\" \/>\t\t\t\t\t\t\t\t\t\t\t\t\t\t\t<\/div>\n\t\t\t\t<\/div>\n\t\t\t\t\t<\/div>\n\t\t<\/div>\n\t\t\t\t\t<\/div>\n\t\t<\/section>\n\t\t\t\t<section class=\"elementor-section elementor-top-section elementor-element elementor-element-13de960c elementor-section-boxed elementor-section-height-default elementor-section-height-default\" data-id=\"13de960c\" data-element_type=\"section\" data-e-type=\"section\" data-settings=\"{&quot;background_background&quot;:&quot;classic&quot;}\">\n\t\t\t\t\t\t<div class=\"elementor-container elementor-column-gap-default\">\n\t\t\t\t\t<div class=\"elementor-column elementor-col-100 elementor-top-column elementor-element elementor-element-56091ac4\" data-id=\"56091ac4\" data-element_type=\"column\" data-e-type=\"column\">\n\t\t\t<div class=\"elementor-widget-wrap\">\n\t\t\t\t\t\t\t<\/div>\n\t\t<\/div>\n\t\t\t\t\t<\/div>\n\t\t<\/section>\n\t\t\t\t<\/div>\n\t\t","protected":false},"excerpt":{"rendered":"<p>Ecosistema Digital La Instituci\u00f3n cuenta con aval internacional dentro y fuera del aula, en todos los \u00e1mbitos del proceso ense\u00f1anza &#8211; aprendizaje, el mismo que&nbsp;<a href=\"https:\/\/www.lemas.edu.ec\/ml1\/ecosistema-digital\/\">&hellip;<\/a><\/p>\n","protected":false},"author":1,"featured_media":0,"parent":0,"menu_order":0,"comment_status":"closed","ping_status":"closed","template":"template-fullwidth-no-title.php","meta":{"footnotes":""},"class_list":["post-1859","page","type-page","status-publish","hentry","odd"],"_links":{"self":[{"href":"https:\/\/www.lemas.edu.ec\/ml1\/wp-json\/wp\/v2\/pages\/1859","targetHints":{"allow":["GET"]}}],"collection":[{"href":"https:\/\/www.lemas.edu.ec\/ml1\/wp-json\/wp\/v2\/pages"}],"about":[{"href":"https:\/\/www.lemas.edu.ec\/ml1\/wp-json\/wp\/v2\/types\/page"}],"author":[{"embeddable":true,"href":"https:\/\/www.lemas.edu.ec\/ml1\/wp-json\/wp\/v2\/users\/1"}],"replies":[{"embeddable":true,"href":"https:\/\/www.lemas.edu.ec\/ml1\/wp-json\/wp\/v2\/comments?post=1859"}],"version-history":[{"count":43,"href":"https:\/\/www.lemas.edu.ec\/ml1\/wp-json\/wp\/v2\/pages\/1859\/revisions"}],"predecessor-version":[{"id":8186,"href":"https:\/\/www.lemas.edu.ec\/ml1\/wp-json\/wp\/v2\/pages\/1859\/revisions\/8186"}],"wp:attachment":[{"href":"https:\/\/www.lemas.edu.ec\/ml1\/wp-json\/wp\/v2\/media?parent=1859"}],"curies":[{"name":"wp","href":"https:\/\/api.w.org\/{rel}","templated":true}]}}