{"id":2527,"date":"2021-10-29T14:55:01","date_gmt":"2021-10-29T19:55:01","guid":{"rendered":"https:\/\/www.lemas.edu.ec\/ml1\/?page_id=2527"},"modified":"2022-08-23T07:22:08","modified_gmt":"2022-08-23T12:22:08","slug":"medico","status":"publish","type":"page","link":"https:\/\/www.lemas.edu.ec\/ml1\/medico\/","title":{"rendered":"M\u00e9dico"},"content":{"rendered":"\t\t<div data-elementor-type=\"wp-page\" data-elementor-id=\"2527\" class=\"elementor elementor-2527\">\n\t\t\t\t\t\t<section class=\"elementor-section elementor-top-section elementor-element elementor-element-2be4a5b1 elementor-section-stretched elementor-section-boxed elementor-section-height-default elementor-section-height-default\" data-id=\"2be4a5b1\" data-element_type=\"section\" data-e-type=\"section\" data-settings=\"{&quot;background_background&quot;:&quot;classic&quot;,&quot;stretch_section&quot;:&quot;section-stretched&quot;}\">\n\t\t\t\t\t\t\t<div class=\"elementor-background-overlay\"><\/div>\n\t\t\t\t\t\t\t<div class=\"elementor-container elementor-column-gap-default\">\n\t\t\t\t\t<div class=\"elementor-column elementor-col-50 elementor-top-column elementor-element elementor-element-60a12078\" data-id=\"60a12078\" data-element_type=\"column\" data-e-type=\"column\" data-settings=\"{&quot;background_background&quot;:&quot;classic&quot;}\">\n\t\t\t<div class=\"elementor-widget-wrap elementor-element-populated\">\n\t\t\t\t\t\t<div class=\"elementor-element elementor-element-24037cc5 elementor-widget elementor-widget-heading\" data-id=\"24037cc5\" data-element_type=\"widget\" data-e-type=\"widget\" data-widget_type=\"heading.default\">\n\t\t\t\t<div class=\"elementor-widget-container\">\n\t\t\t\t\t<h1 class=\"elementor-heading-title elementor-size-default\">Departamento M\u00e9dico<\/h1>\t\t\t\t<\/div>\n\t\t\t\t<\/div>\n\t\t\t\t<div class=\"elementor-element elementor-element-24d54901 elementor-view-default elementor-widget elementor-widget-icon\" data-id=\"24d54901\" data-element_type=\"widget\" data-e-type=\"widget\" data-widget_type=\"icon.default\">\n\t\t\t\t<div class=\"elementor-widget-container\">\n\t\t\t\t\t\t\t<div class=\"elementor-icon-wrapper\">\n\t\t\t<div class=\"elementor-icon\">\n\t\t\t<i aria-hidden=\"true\" class=\"fas fa-caret-down\"><\/i>\t\t\t<\/div>\n\t\t<\/div>\n\t\t\t\t\t\t<\/div>\n\t\t\t\t<\/div>\n\t\t\t\t\t<\/div>\n\t\t<\/div>\n\t\t\t\t<div class=\"elementor-column elementor-col-50 elementor-top-column elementor-element elementor-element-1b3863e0\" data-id=\"1b3863e0\" data-element_type=\"column\" data-e-type=\"column\">\n\t\t\t<div class=\"elementor-widget-wrap\">\n\t\t\t\t\t\t\t<\/div>\n\t\t<\/div>\n\t\t\t\t\t<\/div>\n\t\t<\/section>\n\t\t\t\t<section class=\"elementor-section elementor-top-section elementor-element elementor-element-45565242 elementor-section-stretched elementor-section-boxed elementor-section-height-default elementor-section-height-default\" data-id=\"45565242\" data-element_type=\"section\" data-e-type=\"section\" data-settings=\"{&quot;background_background&quot;:&quot;classic&quot;,&quot;stretch_section&quot;:&quot;section-stretched&quot;}\">\n\t\t\t\t\t\t<div class=\"elementor-container elementor-column-gap-default\">\n\t\t\t\t\t<div class=\"elementor-column elementor-col-50 elementor-top-column elementor-element elementor-element-3fbd608\" data-id=\"3fbd608\" data-element_type=\"column\" data-e-type=\"column\" data-settings=\"{&quot;background_background&quot;:&quot;classic&quot;}\">\n\t\t\t<div class=\"elementor-widget-wrap elementor-element-populated\">\n\t\t\t\t\t\t<div class=\"elementor-element elementor-element-6a0abafc elementor-widget elementor-widget-heading\" data-id=\"6a0abafc\" data-element_type=\"widget\" data-e-type=\"widget\" data-widget_type=\"heading.default\">\n\t\t\t\t<div class=\"elementor-widget-container\">\n\t\t\t\t\t<h2 class=\"elementor-heading-title elementor-size-default\">Atenci\u00f3n M\u00e9dica<\/h2>\t\t\t\t<\/div>\n\t\t\t\t<\/div>\n\t\t\t\t<div class=\"elementor-element elementor-element-40aea722 elementor-widget elementor-widget-text-editor\" data-id=\"40aea722\" data-element_type=\"widget\" data-e-type=\"widget\" data-widget_type=\"text-editor.default\">\n\t\t\t\t<div class=\"elementor-widget-container\">\n\t\t\t\t\t\t\t\t\t<p style=\"text-align: justify;\">Nuestro Departamento M\u00e9dico, tiene como objetivo primordial acompa\u00f1ar en el cuidado integral de la salud de nuestros padres de familia, estudiantes y colaboradores; mediante programas educativos de prevenci\u00f3n y promoci\u00f3n dirigidos a mantener estilos de vida saludables que nos permiten asegurar nuestra salud f\u00edsica, mental y social; y a la vez velar por el cuidado cooperativo y permanente de la salud de todos.<\/p><p style=\"text-align: justify;\">Las \u00e1reas de atenci\u00f3n que cubren nuestro Departamento M\u00e9dico son:<\/p><ul><li>Programas de Prevenci\u00f3n y cuidado de la salud<\/li><li>Atenci\u00f3n primaria<\/li><li>Medicina ocupacional para nuestros colaboradores<\/li><li>Atenci\u00f3n en casos emergentes<\/li><li>Derivaciones a compa\u00f1\u00edas de Seguro contra accidentes y casas de salud asistencia, de ser necesario.<\/li><\/ul><p style=\"text-align: justify;\">Mantenemos el compromiso, de orientar con calidad y calidez a los miembros de nuestra comunidad, en cumplir sus controles peri\u00f3dicos de vigilancia m\u00e9dica y medidas de autoprotecci\u00f3n; mediante el sosteniendo y fortaleciendo de un trabajo interdisciplinario junto a Departamentos de Gesti\u00f3n Escolar, DECE, Talento Humano y \u00e1reas acad\u00e9micas; gestionando y apoyando campa\u00f1as propuestas por nuestra instituci\u00f3n y por entes de control como Ministerios de Salud P\u00fablica y de Educaci\u00f3n, con charlas Informativas, planes y protocolos de seguridad y salud bajos los par\u00e1metros establecidos.<\/p><p style=\"text-align: justify;\">Contamos adem\u00e1s, con programas de gu\u00edas y supervisi\u00f3n de servicios complementarios, como las cafeter\u00edas aportando en una cultura de cuidado integral de nuestra comunidad educativa.<\/p>\t\t\t\t\t\t\t\t<\/div>\n\t\t\t\t<\/div>\n\t\t\t\t\t<\/div>\n\t\t<\/div>\n\t\t\t\t<div class=\"elementor-column elementor-col-50 elementor-top-column elementor-element elementor-element-7a350f79\" data-id=\"7a350f79\" data-element_type=\"column\" data-e-type=\"column\" data-settings=\"{&quot;background_background&quot;:&quot;classic&quot;}\">\n\t\t\t<div class=\"elementor-widget-wrap elementor-element-populated\">\n\t\t\t\t\t\t\t<\/div>\n\t\t<\/div>\n\t\t\t\t\t<\/div>\n\t\t<\/section>\n\t\t\t\t<section class=\"elementor-section elementor-top-section elementor-element elementor-element-25984be8 elementor-section-boxed elementor-section-height-default elementor-section-height-default\" data-id=\"25984be8\" data-element_type=\"section\" data-e-type=\"section\">\n\t\t\t\t\t\t<div class=\"elementor-container elementor-column-gap-default\">\n\t\t\t\t\t<div class=\"elementor-column elementor-col-100 elementor-top-column elementor-element elementor-element-81cbf28\" data-id=\"81cbf28\" data-element_type=\"column\" data-e-type=\"column\">\n\t\t\t<div class=\"elementor-widget-wrap elementor-element-populated\">\n\t\t\t\t\t\t<div class=\"elementor-element elementor-element-1e6abac8 elementor-arrows-position-inside elementor-widget elementor-widget-image-carousel\" data-id=\"1e6abac8\" data-element_type=\"widget\" data-e-type=\"widget\" data-settings=\"{&quot;navigation&quot;:&quot;arrows&quot;,&quot;autoplay&quot;:&quot;yes&quot;,&quot;pause_on_hover&quot;:&quot;yes&quot;,&quot;pause_on_interaction&quot;:&quot;yes&quot;,&quot;autoplay_speed&quot;:5000,&quot;infinite&quot;:&quot;yes&quot;,&quot;speed&quot;:500}\" data-widget_type=\"image-carousel.default\">\n\t\t\t\t<div class=\"elementor-widget-container\">\n\t\t\t\t\t\t\t<div class=\"elementor-image-carousel-wrapper swiper\" role=\"region\" aria-roledescription=\"carousel\" aria-label=\"Carrusel de im\u00e1genes\" dir=\"ltr\">\n\t\t\t<div class=\"elementor-image-carousel swiper-wrapper\" aria-live=\"off\">\n\t\t\t\t\t\t\t\t<div class=\"swiper-slide\" role=\"group\" aria-roledescription=\"slide\" aria-label=\"1 of 3\"><figure class=\"swiper-slide-inner\"><img decoding=\"async\" class=\"swiper-slide-image\" src=\"https:\/\/www.lemas.edu.ec\/ml1\/wp-content\/uploads\/2020\/03\/portrait-schoolgirl-with-big-pencil_23-2148203771-626x417.jpg\" alt=\"portrait-schoolgirl-with-big-pencil_23-2148203771\" \/><\/figure><\/div><div class=\"swiper-slide\" role=\"group\" aria-roledescription=\"slide\" aria-label=\"2 of 3\"><figure class=\"swiper-slide-inner\"><img decoding=\"async\" class=\"swiper-slide-image\" src=\"https:\/\/www.lemas.edu.ec\/ml1\/wp-content\/uploads\/2020\/03\/teenagers-looking-each-other-library_23-2147860570-626x417.jpg\" alt=\"teenagers-looking-each-other-library_23-2147860570\" \/><\/figure><\/div><div class=\"swiper-slide\" role=\"group\" aria-roledescription=\"slide\" aria-label=\"3 of 3\"><figure class=\"swiper-slide-inner\"><img decoding=\"async\" class=\"swiper-slide-image\" src=\"https:\/\/www.lemas.edu.ec\/ml1\/wp-content\/uploads\/2017\/11\/1075168823-H-1024x700.jpg\" alt=\"1075168823-H\" \/><\/figure><\/div>\t\t\t<\/div>\n\t\t\t\t\t\t\t\t\t\t\t\t<div class=\"elementor-swiper-button elementor-swiper-button-prev\" role=\"button\" tabindex=\"0\">\n\t\t\t\t\t\t<i aria-hidden=\"true\" class=\"eicon-chevron-left\"><\/i>\t\t\t\t\t<\/div>\n\t\t\t\t\t<div class=\"elementor-swiper-button elementor-swiper-button-next\" role=\"button\" tabindex=\"0\">\n\t\t\t\t\t\t<i aria-hidden=\"true\" class=\"eicon-chevron-right\"><\/i>\t\t\t\t\t<\/div>\n\t\t\t\t\n\t\t\t\t\t\t\t\t\t<\/div>\n\t\t\t\t\t\t<\/div>\n\t\t\t\t<\/div>\n\t\t\t\t\t<\/div>\n\t\t<\/div>\n\t\t\t\t\t<\/div>\n\t\t<\/section>\n\t\t\t\t<\/div>\n\t\t","protected":false},"excerpt":{"rendered":"<p>Departamento M\u00e9dico Atenci\u00f3n M\u00e9dica Nuestro Departamento M\u00e9dico, tiene como objetivo primordial acompa\u00f1ar en el cuidado integral de la salud de nuestros padres de familia, estudiantes&nbsp;<a href=\"https:\/\/www.lemas.edu.ec\/ml1\/medico\/\">&hellip;<\/a><\/p>\n","protected":false},"author":1,"featured_media":0,"parent":0,"menu_order":0,"comment_status":"closed","ping_status":"closed","template":"template-fullwidth-no-title.php","meta":{"footnotes":""},"class_list":["post-2527","page","type-page","status-publish","hentry","odd"],"_links":{"self":[{"href":"https:\/\/www.lemas.edu.ec\/ml1\/wp-json\/wp\/v2\/pages\/2527","targetHints":{"allow":["GET"]}}],"collection":[{"href":"https:\/\/www.lemas.edu.ec\/ml1\/wp-json\/wp\/v2\/pages"}],"about":[{"href":"https:\/\/www.lemas.edu.ec\/ml1\/wp-json\/wp\/v2\/types\/page"}],"author":[{"embeddable":true,"href":"https:\/\/www.lemas.edu.ec\/ml1\/wp-json\/wp\/v2\/users\/1"}],"replies":[{"embeddable":true,"href":"https:\/\/www.lemas.edu.ec\/ml1\/wp-json\/wp\/v2\/comments?post=2527"}],"version-history":[{"count":16,"href":"https:\/\/www.lemas.edu.ec\/ml1\/wp-json\/wp\/v2\/pages\/2527\/revisions"}],"predecessor-version":[{"id":4998,"href":"https:\/\/www.lemas.edu.ec\/ml1\/wp-json\/wp\/v2\/pages\/2527\/revisions\/4998"}],"wp:attachment":[{"href":"https:\/\/www.lemas.edu.ec\/ml1\/wp-json\/wp\/v2\/media?parent=2527"}],"curies":[{"name":"wp","href":"https:\/\/api.w.org\/{rel}","templated":true}]}}