{"id":8364,"date":"2025-09-17T21:24:42","date_gmt":"2025-09-18T02:24:42","guid":{"rendered":"https:\/\/www.lemas.edu.ec\/ml1\/?page_id=8364"},"modified":"2025-09-18T13:26:50","modified_gmt":"2025-09-18T18:26:50","slug":"extracurriculares","status":"publish","type":"page","link":"https:\/\/www.lemas.edu.ec\/ml1\/extracurriculares\/","title":{"rendered":"Extracurriculares"},"content":{"rendered":"\t\t<div data-elementor-type=\"wp-page\" data-elementor-id=\"8364\" class=\"elementor elementor-8364\">\n\t\t\t\t\t\t<section class=\"elementor-section elementor-top-section elementor-element elementor-element-3b847c17 elementor-section-stretched elementor-section-boxed elementor-section-height-default elementor-section-height-default\" data-id=\"3b847c17\" data-element_type=\"section\" data-e-type=\"section\" data-settings=\"{&quot;background_background&quot;:&quot;classic&quot;,&quot;stretch_section&quot;:&quot;section-stretched&quot;}\">\n\t\t\t\t\t\t\t<div class=\"elementor-background-overlay\"><\/div>\n\t\t\t\t\t\t\t<div class=\"elementor-container elementor-column-gap-default\">\n\t\t\t\t\t<div class=\"elementor-column elementor-col-50 elementor-top-column elementor-element elementor-element-601b4260\" data-id=\"601b4260\" data-element_type=\"column\" data-e-type=\"column\" data-settings=\"{&quot;background_background&quot;:&quot;classic&quot;}\">\n\t\t\t<div class=\"elementor-widget-wrap elementor-element-populated\">\n\t\t\t\t\t\t<div class=\"elementor-element elementor-element-76ac02cb elementor-widget elementor-widget-heading\" data-id=\"76ac02cb\" data-element_type=\"widget\" data-e-type=\"widget\" data-widget_type=\"heading.default\">\n\t\t\t\t<div class=\"elementor-widget-container\">\n\t\t\t\t\t<h1 class=\"elementor-heading-title elementor-size-default\">Actividades Extracurriculares<\/h1>\t\t\t\t<\/div>\n\t\t\t\t<\/div>\n\t\t\t\t<div class=\"elementor-element elementor-element-635a7eff elementor-view-default elementor-widget elementor-widget-icon\" data-id=\"635a7eff\" data-element_type=\"widget\" data-e-type=\"widget\" data-widget_type=\"icon.default\">\n\t\t\t\t<div class=\"elementor-widget-container\">\n\t\t\t\t\t\t\t<div class=\"elementor-icon-wrapper\">\n\t\t\t<div class=\"elementor-icon\">\n\t\t\t<i aria-hidden=\"true\" class=\"fas fa-caret-down\"><\/i>\t\t\t<\/div>\n\t\t<\/div>\n\t\t\t\t\t\t<\/div>\n\t\t\t\t<\/div>\n\t\t\t\t\t<\/div>\n\t\t<\/div>\n\t\t\t\t<div class=\"elementor-column elementor-col-50 elementor-top-column elementor-element elementor-element-356adf99\" data-id=\"356adf99\" data-element_type=\"column\" data-e-type=\"column\">\n\t\t\t<div class=\"elementor-widget-wrap\">\n\t\t\t\t\t\t\t<\/div>\n\t\t<\/div>\n\t\t\t\t\t<\/div>\n\t\t<\/section>\n\t\t\t\t<section class=\"elementor-section elementor-top-section elementor-element elementor-element-3c0264ff elementor-section-stretched elementor-section-boxed elementor-section-height-default elementor-section-height-default\" data-id=\"3c0264ff\" data-element_type=\"section\" data-e-type=\"section\" data-settings=\"{&quot;background_background&quot;:&quot;classic&quot;,&quot;stretch_section&quot;:&quot;section-stretched&quot;}\">\n\t\t\t\t\t\t<div class=\"elementor-container elementor-column-gap-default\">\n\t\t\t\t\t<div class=\"elementor-column elementor-col-100 elementor-top-column elementor-element elementor-element-73a88697\" data-id=\"73a88697\" data-element_type=\"column\" data-e-type=\"column\" data-settings=\"{&quot;background_background&quot;:&quot;classic&quot;}\">\n\t\t\t<div class=\"elementor-widget-wrap elementor-element-populated\">\n\t\t\t\t\t\t<div class=\"elementor-element elementor-element-5e754f32 elementor-widget elementor-widget-text-editor\" data-id=\"5e754f32\" data-element_type=\"widget\" data-e-type=\"widget\" data-widget_type=\"text-editor.default\">\n\t\t\t\t<div class=\"elementor-widget-container\">\n\t\t\t\t\t\t\t\t\t&#8220;La educaci\u00f3n es el pasaporte hacia el futuro; el ma\u00f1ana pertenece a aquellos que se preparan para \u00e9l en el d\u00eda de hoy.&#8221;\t\t\t\t\t\t\t\t<\/div>\n\t\t\t\t<\/div>\n\t\t\t\t<div class=\"elementor-element elementor-element-ecdaab1 elementor-widget elementor-widget-text-editor\" data-id=\"ecdaab1\" data-element_type=\"widget\" data-e-type=\"widget\" data-widget_type=\"text-editor.default\">\n\t\t\t\t<div class=\"elementor-widget-container\">\n\t\t\t\t\t\t\t\t\t<b>Malcom X.<\/b>\t\t\t\t\t\t\t\t<\/div>\n\t\t\t\t<\/div>\n\t\t\t\t\t<\/div>\n\t\t<\/div>\n\t\t\t\t\t<\/div>\n\t\t<\/section>\n\t\t\t\t<section class=\"elementor-section elementor-top-section elementor-element elementor-element-34252e66 elementor-section-stretched elementor-section-boxed elementor-section-height-default elementor-section-height-default\" data-id=\"34252e66\" data-element_type=\"section\" data-e-type=\"section\" data-settings=\"{&quot;background_background&quot;:&quot;classic&quot;,&quot;stretch_section&quot;:&quot;section-stretched&quot;}\">\n\t\t\t\t\t\t<div class=\"elementor-container elementor-column-gap-default\">\n\t\t\t\t\t<div class=\"elementor-column elementor-col-100 elementor-top-column elementor-element elementor-element-357ddbf0\" data-id=\"357ddbf0\" data-element_type=\"column\" data-e-type=\"column\" data-settings=\"{&quot;background_background&quot;:&quot;classic&quot;}\">\n\t\t\t<div class=\"elementor-widget-wrap elementor-element-populated\">\n\t\t\t\t\t\t<div class=\"elementor-element elementor-element-7ca709d elementor-widget elementor-widget-heading\" data-id=\"7ca709d\" data-element_type=\"widget\" data-e-type=\"widget\" data-widget_type=\"heading.default\">\n\t\t\t\t<div class=\"elementor-widget-container\">\n\t\t\t\t\t<h2 class=\"elementor-heading-title elementor-size-default\">Actividades Extracurriculares<\/h2>\t\t\t\t<\/div>\n\t\t\t\t<\/div>\n\t\t\t\t<div class=\"elementor-element elementor-element-5c77a104 elementor-widget elementor-widget-text-editor\" data-id=\"5c77a104\" data-element_type=\"widget\" data-e-type=\"widget\" data-widget_type=\"text-editor.default\">\n\t\t\t\t<div class=\"elementor-widget-container\">\n\t\t\t\t\t\t\t\t\t<p style=\"text-align: justify;\"><span style=\"font-weight: 400;\"><br \/><\/span>La formaci\u00f3n integral de nuestros estudiantes como seres humanos \u00e9ticos, cr\u00edticos y comprometidos es el prop\u00f3sito vital de todos quienes conformamos LEMAS. Por tal raz\u00f3n, buscamos contribuir positivamente en su desarrollo f\u00edsico e intelectual, provey\u00e9ndoles de espacios en donde puedan potenciar sus talentos.<\/p><p style=\"text-align: justify;\"><span style=\"font-weight: 400;\"><br \/><\/span>Nuestras actividades extracurriculares permiten fortalecer las diferentes habilidades y competencias de nuestros ni\u00f1os y j\u00f3venes en \u00e1reas como la expresi\u00f3n oral y corporal, redacci\u00f3n, razonamiento num\u00e9rico, creatividad, tecnolog\u00eda, crecimiento f\u00edsico y mental, resistencia f\u00edsica, percepci\u00f3n espacial, coordinaci\u00f3n, agilidad, equilibrio y trabajo en equipo, aportando significativamente en su proceso de crecimiento personal. Est\u00e1 dirigido para estudiantes desde 3ro EGB en adelante.<\/p><p style=\"text-align: justify;\"><span style=\"font-weight: 400;\"><br \/><\/span>Los clubes, como normalmente los llamamos, pueden ser formativos o deportivos, cada uno tiene un cupo y niveles limitados; se podr\u00e1n inscribir de acuerdo al inter\u00e9s del ni\u00f1o, al inicio del a\u00f1o escolar, tambi\u00e9n podr\u00e1n escoger m\u00e1s de un club.\u00a0 Para mayor informaci\u00f3n sobre nuestra propuesta extracurricular, haga clic aqu\u00ed. (enlace al Folleto de Actividades Extracurriculares) y si se encuentra interesado en participar, le invitamos a contactarnos a<br \/><a href=\"mailto:extracurriculares@lemas.edu.ec\">extracurriculares@lemas.edu.ec<\/a><\/p><p style=\"text-align: justify;\"><span style=\"font-weight: 400;\"><br \/><\/span>Finalmente, las actividades extracurriculares abren las puertas para que nuestros estudiantes participen de los diferentes concursos intercolegiales y espacios radiales a los que a\u00f1o a a\u00f1o somos invitados por instituciones educativas de gran prestigio como, Universidad Cat\u00f3lica de Guayaquil, Universidad Casa Grande, Corpeducar, entre otros; adem\u00e1s de concursos internos y presentaciones de sus productos en casas abiertas, exposiciones, charlas, etc. actividades que les proveen de valiosas experiencias que enriquecen su formaci\u00f3n.<\/p>\t\t\t\t\t\t\t\t<\/div>\n\t\t\t\t<\/div>\n\t\t\t\t\t<\/div>\n\t\t<\/div>\n\t\t\t\t\t<\/div>\n\t\t<\/section>\n\t\t\t\t<section class=\"elementor-section elementor-top-section elementor-element elementor-element-750c46ba elementor-section-boxed elementor-section-height-default elementor-section-height-default\" data-id=\"750c46ba\" data-element_type=\"section\" data-e-type=\"section\" data-settings=\"{&quot;background_background&quot;:&quot;classic&quot;}\">\n\t\t\t\t\t\t<div class=\"elementor-container elementor-column-gap-default\">\n\t\t\t\t\t<div class=\"elementor-column elementor-col-100 elementor-top-column elementor-element elementor-element-1bb771fa\" data-id=\"1bb771fa\" data-element_type=\"column\" data-e-type=\"column\">\n\t\t\t<div class=\"elementor-widget-wrap elementor-element-populated\">\n\t\t\t\t\t\t<div class=\"elementor-element elementor-element-5b682bcc elementor-arrows-position-inside elementor-widget elementor-widget-image-carousel\" data-id=\"5b682bcc\" data-element_type=\"widget\" data-e-type=\"widget\" data-settings=\"{&quot;navigation&quot;:&quot;arrows&quot;,&quot;autoplay&quot;:&quot;yes&quot;,&quot;pause_on_hover&quot;:&quot;yes&quot;,&quot;pause_on_interaction&quot;:&quot;yes&quot;,&quot;autoplay_speed&quot;:5000,&quot;infinite&quot;:&quot;yes&quot;,&quot;speed&quot;:500}\" data-widget_type=\"image-carousel.default\">\n\t\t\t\t<div class=\"elementor-widget-container\">\n\t\t\t\t\t\t\t<div class=\"elementor-image-carousel-wrapper swiper\" role=\"region\" aria-roledescription=\"carousel\" aria-label=\"Carrusel de im\u00e1genes\" dir=\"ltr\">\n\t\t\t<div class=\"elementor-image-carousel swiper-wrapper\" aria-live=\"off\">\n\t\t\t\t\t\t\t\t<div class=\"swiper-slide\" role=\"group\" aria-roledescription=\"slide\" aria-label=\"1 of 7\"><figure class=\"swiper-slide-inner\"><img decoding=\"async\" class=\"swiper-slide-image\" src=\"https:\/\/www.lemas.edu.ec\/ml1\/wp-content\/uploads\/2020\/03\/girl-with-brown-eyes-glasses-looking-smiling-cheerful-happy-eyewear-smart-eyeglasses_23-2147879238-1-626x417.jpg\" alt=\"girl-with-brown-eyes-glasses-looking-smiling-cheerful-happy-eyewear-smart-eyeglasses_23-2147879238\" \/><\/figure><\/div><div class=\"swiper-slide\" role=\"group\" aria-roledescription=\"slide\" aria-label=\"2 of 7\"><figure class=\"swiper-slide-inner\"><img decoding=\"async\" class=\"swiper-slide-image\" src=\"https:\/\/www.lemas.edu.ec\/ml1\/wp-content\/uploads\/2020\/03\/girl-desktop-classroom_23-2147664154-626x417.jpg\" alt=\"girl-desktop-classroom_23-2147664154\" \/><\/figure><\/div><div class=\"swiper-slide\" role=\"group\" aria-roledescription=\"slide\" aria-label=\"3 of 7\"><figure class=\"swiper-slide-inner\"><img decoding=\"async\" class=\"swiper-slide-image\" src=\"https:\/\/www.lemas.edu.ec\/ml1\/wp-content\/uploads\/2020\/03\/children-learning-chemistry_1098-16774-626x417.jpg\" alt=\"children-learning-chemistry_1098-16774\" \/><\/figure><\/div><div class=\"swiper-slide\" role=\"group\" aria-roledescription=\"slide\" aria-label=\"4 of 7\"><figure class=\"swiper-slide-inner\"><img decoding=\"async\" class=\"swiper-slide-image\" src=\"https:\/\/www.lemas.edu.ec\/ml1\/wp-content\/uploads\/2020\/03\/boy-sitting-leaning-hand-reading_23-2147664187-626x417.jpg\" alt=\"boy-sitting-leaning-hand-reading_23-2147664187\" \/><\/figure><\/div><div class=\"swiper-slide\" role=\"group\" aria-roledescription=\"slide\" aria-label=\"5 of 7\"><figure class=\"swiper-slide-inner\"><img decoding=\"async\" class=\"swiper-slide-image\" src=\"https:\/\/www.lemas.edu.ec\/ml1\/wp-content\/uploads\/2020\/03\/0C7A8769-1-800x533.jpg\" alt=\"0C7A8769-1.jpg\" \/><\/figure><\/div><div class=\"swiper-slide\" role=\"group\" aria-roledescription=\"slide\" aria-label=\"6 of 7\"><figure class=\"swiper-slide-inner\"><img decoding=\"async\" class=\"swiper-slide-image\" src=\"https:\/\/www.lemas.edu.ec\/ml1\/wp-content\/uploads\/2020\/03\/8160443-1-800x531.jpg\" alt=\"8160443-1.jpg\" \/><\/figure><\/div><div class=\"swiper-slide\" role=\"group\" aria-roledescription=\"slide\" aria-label=\"7 of 7\"><figure class=\"swiper-slide-inner\"><img decoding=\"async\" class=\"swiper-slide-image\" src=\"https:\/\/www.lemas.edu.ec\/ml1\/wp-content\/uploads\/2020\/03\/unnamed-file-800x533.jpg\" alt=\"unnamed-file.jpg\" \/><\/figure><\/div>\t\t\t<\/div>\n\t\t\t\t\t\t\t\t\t\t\t\t<div class=\"elementor-swiper-button elementor-swiper-button-prev\" role=\"button\" tabindex=\"0\">\n\t\t\t\t\t\t<i aria-hidden=\"true\" class=\"eicon-chevron-left\"><\/i>\t\t\t\t\t<\/div>\n\t\t\t\t\t<div class=\"elementor-swiper-button elementor-swiper-button-next\" role=\"button\" tabindex=\"0\">\n\t\t\t\t\t\t<i aria-hidden=\"true\" class=\"eicon-chevron-right\"><\/i>\t\t\t\t\t<\/div>\n\t\t\t\t\n\t\t\t\t\t\t\t\t\t<\/div>\n\t\t\t\t\t\t<\/div>\n\t\t\t\t<\/div>\n\t\t\t\t\t<\/div>\n\t\t<\/div>\n\t\t\t\t\t<\/div>\n\t\t<\/section>\n\t\t\t\t<\/div>\n\t\t","protected":false},"excerpt":{"rendered":"<p>Actividades Extracurriculares &#8220;La educaci\u00f3n es el pasaporte hacia el futuro; el ma\u00f1ana pertenece a aquellos que se preparan para \u00e9l en el d\u00eda de hoy.&#8221;Malcom&nbsp;<a href=\"https:\/\/www.lemas.edu.ec\/ml1\/extracurriculares\/\">&hellip;<\/a><\/p>\n","protected":false},"author":1,"featured_media":0,"parent":0,"menu_order":0,"comment_status":"closed","ping_status":"closed","template":"template-fullwidth-no-title.php","meta":{"footnotes":""},"class_list":["post-8364","page","type-page","status-publish","hentry","odd"],"_links":{"self":[{"href":"https:\/\/www.lemas.edu.ec\/ml1\/wp-json\/wp\/v2\/pages\/8364","targetHints":{"allow":["GET"]}}],"collection":[{"href":"https:\/\/www.lemas.edu.ec\/ml1\/wp-json\/wp\/v2\/pages"}],"about":[{"href":"https:\/\/www.lemas.edu.ec\/ml1\/wp-json\/wp\/v2\/types\/page"}],"author":[{"embeddable":true,"href":"https:\/\/www.lemas.edu.ec\/ml1\/wp-json\/wp\/v2\/users\/1"}],"replies":[{"embeddable":true,"href":"https:\/\/www.lemas.edu.ec\/ml1\/wp-json\/wp\/v2\/comments?post=8364"}],"version-history":[{"count":19,"href":"https:\/\/www.lemas.edu.ec\/ml1\/wp-json\/wp\/v2\/pages\/8364\/revisions"}],"predecessor-version":[{"id":8410,"href":"https:\/\/www.lemas.edu.ec\/ml1\/wp-json\/wp\/v2\/pages\/8364\/revisions\/8410"}],"wp:attachment":[{"href":"https:\/\/www.lemas.edu.ec\/ml1\/wp-json\/wp\/v2\/media?parent=8364"}],"curies":[{"name":"wp","href":"https:\/\/api.w.org\/{rel}","templated":true}]}}