{"id":1175,"date":"2021-10-25T09:27:15","date_gmt":"2021-10-25T14:27:15","guid":{"rendered":"https:\/\/www.lemas.edu.ec\/ml2\/?page_id=1175"},"modified":"2025-09-01T13:41:43","modified_gmt":"2025-09-01T18:41:43","slug":"historia","status":"publish","type":"page","link":"https:\/\/www.lemas.edu.ec\/ml2\/historia\/","title":{"rendered":"Historia"},"content":{"rendered":"\t\t<div data-elementor-type=\"wp-page\" data-elementor-id=\"1175\" class=\"elementor elementor-1175\">\n\t\t\t\t\t\t<section class=\"elementor-section elementor-top-section elementor-element elementor-element-6d4ecc27 elementor-section-stretched elementor-section-boxed elementor-section-height-default elementor-section-height-default\" data-id=\"6d4ecc27\" data-element_type=\"section\" data-e-type=\"section\" data-settings=\"{&quot;stretch_section&quot;:&quot;section-stretched&quot;}\">\n\t\t\t\t\t\t\t<div class=\"elementor-background-overlay\"><\/div>\n\t\t\t\t\t\t\t<div class=\"elementor-container elementor-column-gap-default\">\n\t\t\t\t\t<div class=\"elementor-column elementor-col-50 elementor-top-column elementor-element elementor-element-4318d67\" data-id=\"4318d67\" data-element_type=\"column\" data-e-type=\"column\" data-settings=\"{&quot;background_background&quot;:&quot;classic&quot;}\">\n\t\t\t<div class=\"elementor-widget-wrap elementor-element-populated\">\n\t\t\t\t\t\t<div class=\"elementor-element elementor-element-3e3d0d4b elementor-widget elementor-widget-heading\" data-id=\"3e3d0d4b\" data-element_type=\"widget\" data-e-type=\"widget\" data-widget_type=\"heading.default\">\n\t\t\t\t<div class=\"elementor-widget-container\">\n\t\t\t\t\t<h1 class=\"elementor-heading-title elementor-size-default\">Historia<\/h1>\t\t\t\t<\/div>\n\t\t\t\t<\/div>\n\t\t\t\t<div class=\"elementor-element elementor-element-2599a2a1 elementor-view-default elementor-widget elementor-widget-icon\" data-id=\"2599a2a1\" data-element_type=\"widget\" data-e-type=\"widget\" data-widget_type=\"icon.default\">\n\t\t\t\t<div class=\"elementor-widget-container\">\n\t\t\t\t\t\t\t<div class=\"elementor-icon-wrapper\">\n\t\t\t<div class=\"elementor-icon\">\n\t\t\t<i aria-hidden=\"true\" class=\"fas fa-caret-down\"><\/i>\t\t\t<\/div>\n\t\t<\/div>\n\t\t\t\t\t\t<\/div>\n\t\t\t\t<\/div>\n\t\t\t\t\t<\/div>\n\t\t<\/div>\n\t\t\t\t<div class=\"elementor-column elementor-col-50 elementor-top-column elementor-element elementor-element-349c74bd\" data-id=\"349c74bd\" data-element_type=\"column\" data-e-type=\"column\" data-settings=\"{&quot;background_background&quot;:&quot;classic&quot;}\">\n\t\t\t<div class=\"elementor-widget-wrap\">\n\t\t\t\t\t\t\t<\/div>\n\t\t<\/div>\n\t\t\t\t\t<\/div>\n\t\t<\/section>\n\t\t\t\t<section class=\"elementor-section elementor-top-section elementor-element elementor-element-2d7202d7 elementor-section-boxed elementor-section-height-default elementor-section-height-default\" data-id=\"2d7202d7\" data-element_type=\"section\" data-e-type=\"section\" id=\"mision\" data-settings=\"{&quot;background_background&quot;:&quot;classic&quot;}\">\n\t\t\t\t\t\t<div class=\"elementor-container elementor-column-gap-default\">\n\t\t\t\t\t<div class=\"elementor-column elementor-col-50 elementor-top-column elementor-element elementor-element-5959c9ad\" data-id=\"5959c9ad\" data-element_type=\"column\" data-e-type=\"column\">\n\t\t\t<div class=\"elementor-widget-wrap elementor-element-populated\">\n\t\t\t\t\t\t<div class=\"elementor-element elementor-element-71be0e8e elementor-widget elementor-widget-image\" data-id=\"71be0e8e\" data-element_type=\"widget\" data-e-type=\"widget\" data-widget_type=\"image.default\">\n\t\t\t\t<div class=\"elementor-widget-container\">\n\t\t\t\t\t\t\t\t\t\t\t\t\t\t\t<img decoding=\"async\" src=\"https:\/\/www.lemas.edu.ec\/ml2\/wp-content\/uploads\/2025\/01\/elementor\/thumbs\/ltiempo-scaled.jpg\" title=\"ltiempo\" alt=\"ltiempo\" loading=\"lazy\" \/>\t\t\t\t\t\t\t\t\t\t\t\t\t\t\t<\/div>\n\t\t\t\t<\/div>\n\t\t\t\t\t<\/div>\n\t\t<\/div>\n\t\t\t\t<div class=\"elementor-column elementor-col-50 elementor-top-column elementor-element elementor-element-6af613db\" data-id=\"6af613db\" data-element_type=\"column\" data-e-type=\"column\">\n\t\t\t<div class=\"elementor-widget-wrap elementor-element-populated\">\n\t\t\t\t\t\t<div class=\"elementor-element elementor-element-5c3278e8 elementor-widget elementor-widget-heading\" data-id=\"5c3278e8\" data-element_type=\"widget\" data-e-type=\"widget\" data-widget_type=\"heading.default\">\n\t\t\t\t<div class=\"elementor-widget-container\">\n\t\t\t\t\t<h2 class=\"elementor-heading-title elementor-size-default\"><a href=\"#mision\">Nuestra Historia se construye cada d\u00eda ...<\/a><\/h2>\t\t\t\t<\/div>\n\t\t\t\t<\/div>\n\t\t\t\t<div class=\"elementor-element elementor-element-23783a7c elementor-widget elementor-widget-heading\" data-id=\"23783a7c\" data-element_type=\"widget\" data-e-type=\"widget\" data-widget_type=\"heading.default\">\n\t\t\t\t<div class=\"elementor-widget-container\">\n\t\t\t\t\t<p class=\"elementor-heading-title elementor-size-default\">La Unidad Educativa LEMAS naci\u00f3 con el respaldo de 53 a\u00f1os de experiencia de la Unidad Educativa Mariscal Sucre, y bajo la iniciativa del Ing. V\u00edctor Hugo Calder\u00f3n Morales que asume el reto de dirigir la instituci\u00f3n independiz\u00e1ndose del Mariscal Sucre en el 2010.<br><br><br>Iniciamos en un espacio reducido con las inscripciones y matr\u00edculas completando 283 alumnos. Inauguramos nuestras aulas el viernes 3 de Abril del 2009 con la presencia del Alcalde de la ciudad y de la Supervisora Escolar; desarrollamos nuestro per\u00edodo lectivo 2009 \u2013 2010 con mucho entusiasmo y dedicaci\u00f3n, y a partir de ello hemos marcado diferentes hitos a los largo de nuestra vida institucional, que se resumen en el gr\u00e1fico mostrado a la izquierda<br><br><br>Nuestra historia no acaba, se construye cada d\u00eda, se fortalece con cada uno de sus actores, quienes de una u otra manera, aportan su granito de arena, para que la Instituci\u00f3n Educativa siga proyect\u00e1ndose y destac\u00e1ndose en el concierto local, provincial y por qu\u00e9 no, nacional. Convencidos una vez m\u00e1s que la educaci\u00f3n de seres humanos con valores democr\u00e1ticos, \u00e9ticos, morales con alto nivel acad\u00e9mico y competitivo. <br><br><br>Como meta institucional so\u00f1amos con un egresado que tenga esp\u00edritu emprendedor, y que ejerza de manera plena y consciente su libertad, comprometido en retribuir con su trabajo y servicio a la comunidad que le permiti\u00f3 desarrollarse, son pilares para dar a nuestra sociedad hombres y mujeres de bien y ciudadanos y ciudadanas ejemplares.<\/p>\t\t\t\t<\/div>\n\t\t\t\t<\/div>\n\t\t\t\t\t<\/div>\n\t\t<\/div>\n\t\t\t\t\t<\/div>\n\t\t<\/section>\n\t\t\t\t<section class=\"elementor-section elementor-top-section elementor-element elementor-element-b30dd0d elementor-section-boxed elementor-section-height-default elementor-section-height-default\" data-id=\"b30dd0d\" data-element_type=\"section\" data-e-type=\"section\" data-settings=\"{&quot;background_background&quot;:&quot;classic&quot;}\">\n\t\t\t\t\t\t<div class=\"elementor-container elementor-column-gap-default\">\n\t\t\t\t\t<div class=\"elementor-column elementor-col-100 elementor-top-column elementor-element elementor-element-d282db9\" data-id=\"d282db9\" data-element_type=\"column\" data-e-type=\"column\">\n\t\t\t<div class=\"elementor-widget-wrap elementor-element-populated\">\n\t\t\t\t\t\t<div class=\"elementor-element elementor-element-53dc430 elementor-arrows-position-inside elementor-pagination-position-outside elementor-widget elementor-widget-image-carousel\" data-id=\"53dc430\" data-element_type=\"widget\" data-e-type=\"widget\" data-settings=\"{&quot;autoplay_speed&quot;:3000,&quot;speed&quot;:300,&quot;navigation&quot;:&quot;both&quot;,&quot;autoplay&quot;:&quot;yes&quot;,&quot;pause_on_hover&quot;:&quot;yes&quot;,&quot;pause_on_interaction&quot;:&quot;yes&quot;,&quot;infinite&quot;:&quot;yes&quot;}\" data-widget_type=\"image-carousel.default\">\n\t\t\t\t<div class=\"elementor-widget-container\">\n\t\t\t\t\t\t\t<div class=\"elementor-image-carousel-wrapper swiper\" role=\"region\" aria-roledescription=\"carousel\" aria-label=\"Carrusel de im\u00e1genes\" dir=\"ltr\">\n\t\t\t<div class=\"elementor-image-carousel swiper-wrapper\" aria-live=\"off\">\n\t\t\t\t\t\t\t\t<div class=\"swiper-slide\" role=\"group\" aria-roledescription=\"slide\" aria-label=\"1 of 8\"><figure class=\"swiper-slide-inner\"><img decoding=\"async\" class=\"swiper-slide-image\" src=\"https:\/\/www.lemas.edu.ec\/ml2\/wp-content\/uploads\/2021\/10\/1-220x249.jpg\" alt=\"Inauguraci\u00f3n Primera Piedra\" \/><\/figure><\/div><div class=\"swiper-slide\" role=\"group\" aria-roledescription=\"slide\" aria-label=\"2 of 8\"><figure class=\"swiper-slide-inner\"><img decoding=\"async\" class=\"swiper-slide-image\" src=\"https:\/\/www.lemas.edu.ec\/ml2\/wp-content\/uploads\/2021\/10\/2-220x249.jpg\" alt=\"Presentaci\u00f3n Maqueta LEMAS\" \/><\/figure><\/div><div class=\"swiper-slide\" role=\"group\" aria-roledescription=\"slide\" aria-label=\"3 of 8\"><figure class=\"swiper-slide-inner\"><img decoding=\"async\" class=\"swiper-slide-image\" src=\"https:\/\/www.lemas.edu.ec\/ml2\/wp-content\/uploads\/2021\/10\/3-220x249.jpg\" alt=\"Inicio de Obra Civil\" \/><\/figure><\/div><div class=\"swiper-slide\" role=\"group\" aria-roledescription=\"slide\" aria-label=\"4 of 8\"><figure class=\"swiper-slide-inner\"><img decoding=\"async\" class=\"swiper-slide-image\" src=\"https:\/\/www.lemas.edu.ec\/ml2\/wp-content\/uploads\/2021\/10\/4-220x249.jpg\" alt=\"Bloque administrativo\" \/><\/figure><\/div><div class=\"swiper-slide\" role=\"group\" aria-roledescription=\"slide\" aria-label=\"5 of 8\"><figure class=\"swiper-slide-inner\"><img decoding=\"async\" class=\"swiper-slide-image\" src=\"https:\/\/www.lemas.edu.ec\/ml2\/wp-content\/uploads\/2021\/10\/5-220x249.jpg\" alt=\"Responsables Obra Civil\" \/><\/figure><\/div><div class=\"swiper-slide\" role=\"group\" aria-roledescription=\"slide\" aria-label=\"6 of 8\"><figure class=\"swiper-slide-inner\"><img decoding=\"async\" class=\"swiper-slide-image\" src=\"https:\/\/www.lemas.edu.ec\/ml2\/wp-content\/uploads\/2021\/10\/6-220x249.jpg\" alt=\"Inscripciones 2009\" \/><\/figure><\/div><div class=\"swiper-slide\" role=\"group\" aria-roledescription=\"slide\" aria-label=\"7 of 8\"><figure class=\"swiper-slide-inner\"><img decoding=\"async\" class=\"swiper-slide-image\" src=\"https:\/\/www.lemas.edu.ec\/ml2\/wp-content\/uploads\/2021\/10\/7-220x249.jpg\" alt=\"Nivelaci\u00f3n 2009\" \/><\/figure><\/div><div class=\"swiper-slide\" role=\"group\" aria-roledescription=\"slide\" aria-label=\"8 of 8\"><figure class=\"swiper-slide-inner\"><img decoding=\"async\" class=\"swiper-slide-image\" src=\"https:\/\/www.lemas.edu.ec\/ml2\/wp-content\/uploads\/2021\/10\/8-220x249.jpg\" alt=\"Inicio de clases 2009\" \/><\/figure><\/div>\t\t\t<\/div>\n\t\t\t\t\t\t\t\t\t\t\t\t<div class=\"elementor-swiper-button elementor-swiper-button-prev\" role=\"button\" tabindex=\"0\">\n\t\t\t\t\t\t<i aria-hidden=\"true\" class=\"eicon-chevron-left\"><\/i>\t\t\t\t\t<\/div>\n\t\t\t\t\t<div class=\"elementor-swiper-button elementor-swiper-button-next\" role=\"button\" tabindex=\"0\">\n\t\t\t\t\t\t<i aria-hidden=\"true\" class=\"eicon-chevron-right\"><\/i>\t\t\t\t\t<\/div>\n\t\t\t\t\n\t\t\t\t\t\t\t\t\t<div class=\"swiper-pagination\"><\/div>\n\t\t\t\t\t\t\t\t\t<\/div>\n\t\t\t\t\t\t<\/div>\n\t\t\t\t<\/div>\n\t\t\t\t\t<\/div>\n\t\t<\/div>\n\t\t\t\t\t<\/div>\n\t\t<\/section>\n\t\t\t\t<section class=\"elementor-section elementor-top-section elementor-element elementor-element-ab784e9 elementor-section-boxed elementor-section-height-default elementor-section-height-default\" data-id=\"ab784e9\" data-element_type=\"section\" data-e-type=\"section\" data-settings=\"{&quot;background_background&quot;:&quot;classic&quot;}\">\n\t\t\t\t\t\t<div class=\"elementor-container elementor-column-gap-default\">\n\t\t\t\t\t<div class=\"elementor-column elementor-col-100 elementor-top-column elementor-element elementor-element-a66ff93\" data-id=\"a66ff93\" data-element_type=\"column\" data-e-type=\"column\">\n\t\t\t<div class=\"elementor-widget-wrap elementor-element-populated\">\n\t\t\t\t\t\t<div class=\"elementor-element elementor-element-ecdfb25 elementor-position-inline-start elementor-view-default elementor-mobile-position-block-start elementor-widget elementor-widget-icon-box\" data-id=\"ecdfb25\" data-element_type=\"widget\" data-e-type=\"widget\" data-widget_type=\"icon-box.default\">\n\t\t\t\t<div class=\"elementor-widget-container\">\n\t\t\t\t\t\t\t<div class=\"elementor-icon-box-wrapper\">\n\n\t\t\t\t\t\t<div class=\"elementor-icon-box-icon\">\n\t\t\t\t<span  class=\"elementor-icon\">\n\t\t\t\t<i aria-hidden=\"true\" class=\"fas fa-quote-left\"><\/i>\t\t\t\t<\/span>\n\t\t\t<\/div>\n\t\t\t\n\t\t\t\t\t\t<div class=\"elementor-icon-box-content\">\n\n\t\t\t\t\n\t\t\t\t\t\t\t\t\t<p class=\"elementor-icon-box-description\">\n\t\t\t\t\t\tPor nuestro trabajo, nuestro empe\u00f1o y nuestros logros nos sentimos:  \u201cOrgullosos de nuestro pasado, seguros de nuestro presente y responsables de nuestro futuro\u201d.\t\t\t\t\t<\/p>\n\t\t\t\t\n\t\t\t<\/div>\n\t\t\t\n\t\t<\/div>\n\t\t\t\t\t\t<\/div>\n\t\t\t\t<\/div>\n\t\t\t\t\t<\/div>\n\t\t<\/div>\n\t\t\t\t\t<\/div>\n\t\t<\/section>\n\t\t\t\t<section class=\"elementor-section elementor-top-section elementor-element elementor-element-f7f0d3c elementor-section-boxed elementor-section-height-default elementor-section-height-default\" data-id=\"f7f0d3c\" data-element_type=\"section\" data-e-type=\"section\" data-settings=\"{&quot;background_background&quot;:&quot;classic&quot;}\">\n\t\t\t\t\t\t<div class=\"elementor-container elementor-column-gap-default\">\n\t\t\t\t\t<div class=\"elementor-column elementor-col-100 elementor-top-column elementor-element elementor-element-ca6da75\" data-id=\"ca6da75\" data-element_type=\"column\" data-e-type=\"column\">\n\t\t\t<div class=\"elementor-widget-wrap elementor-element-populated\">\n\t\t\t\t\t\t<div class=\"elementor-element elementor-element-4f4dfae elementor-widget elementor-widget-image\" data-id=\"4f4dfae\" data-element_type=\"widget\" data-e-type=\"widget\" data-widget_type=\"image.default\">\n\t\t\t\t<div class=\"elementor-widget-container\">\n\t\t\t\t\t\t\t\t\t\t\t\t\t\t\t\t<a href=\"https:\/\/www.lemas.edu.ec\/ml2\/wp-content\/uploads\/2025\/09\/HOME-16.jpg\" data-elementor-open-lightbox=\"yes\" data-elementor-lightbox-title=\"~ai-6e562be6-e22f-47bf-bade-819face2bd84_\" data-e-action-hash=\"#elementor-action%3Aaction%3Dlightbox%26settings%3DeyJpZCI6NzIyOCwidXJsIjoiaHR0cHM6XC9cL3d3dy5sZW1hcy5lZHUuZWNcL21sMlwvd3AtY29udGVudFwvdXBsb2Fkc1wvMjAyNVwvMDlcL0hPTUUtMTYuanBnIn0%3D\">\n\t\t\t\t\t\t\t<img fetchpriority=\"high\" decoding=\"async\" width=\"2560\" height=\"817\" src=\"https:\/\/www.lemas.edu.ec\/ml2\/wp-content\/uploads\/2025\/09\/HOME-16.jpg\" class=\"attachment-full size-full wp-image-7228\" alt=\"\" srcset=\"https:\/\/www.lemas.edu.ec\/ml2\/wp-content\/uploads\/2025\/09\/HOME-16.jpg 2560w, https:\/\/www.lemas.edu.ec\/ml2\/wp-content\/uploads\/2025\/09\/HOME-16-300x96.jpg 300w, https:\/\/www.lemas.edu.ec\/ml2\/wp-content\/uploads\/2025\/09\/HOME-16-1024x327.jpg 1024w, https:\/\/www.lemas.edu.ec\/ml2\/wp-content\/uploads\/2025\/09\/HOME-16-100x32.jpg 100w, https:\/\/www.lemas.edu.ec\/ml2\/wp-content\/uploads\/2025\/09\/HOME-16-1536x490.jpg 1536w, https:\/\/www.lemas.edu.ec\/ml2\/wp-content\/uploads\/2025\/09\/HOME-16-2048x654.jpg 2048w, https:\/\/www.lemas.edu.ec\/ml2\/wp-content\/uploads\/2025\/09\/HOME-16-150x48.jpg 150w\" sizes=\"(max-width: 2560px) 100vw, 2560px\" \/>\t\t\t\t\t\t\t\t<\/a>\n\t\t\t\t\t\t\t\t\t\t\t\t\t\t\t<\/div>\n\t\t\t\t<\/div>\n\t\t\t\t\t<\/div>\n\t\t<\/div>\n\t\t\t\t\t<\/div>\n\t\t<\/section>\n\t\t\t\t<\/div>\n\t\t","protected":false},"excerpt":{"rendered":"<p>Historia Nuestra Historia se construye cada d\u00eda &#8230; La Unidad Educativa LEMAS naci\u00f3 con el respaldo de 53 a\u00f1os de experiencia de la Unidad Educativa&nbsp;<a href=\"https:\/\/www.lemas.edu.ec\/ml2\/historia\/\">&hellip;<\/a><\/p>\n","protected":false},"author":1,"featured_media":0,"parent":0,"menu_order":0,"comment_status":"closed","ping_status":"closed","template":"template-fullwidth-no-title.php","meta":{"footnotes":""},"class_list":["post-1175","page","type-page","status-publish","hentry","odd"],"_links":{"self":[{"href":"https:\/\/www.lemas.edu.ec\/ml2\/wp-json\/wp\/v2\/pages\/1175","targetHints":{"allow":["GET"]}}],"collection":[{"href":"https:\/\/www.lemas.edu.ec\/ml2\/wp-json\/wp\/v2\/pages"}],"about":[{"href":"https:\/\/www.lemas.edu.ec\/ml2\/wp-json\/wp\/v2\/types\/page"}],"author":[{"embeddable":true,"href":"https:\/\/www.lemas.edu.ec\/ml2\/wp-json\/wp\/v2\/users\/1"}],"replies":[{"embeddable":true,"href":"https:\/\/www.lemas.edu.ec\/ml2\/wp-json\/wp\/v2\/comments?post=1175"}],"version-history":[{"count":128,"href":"https:\/\/www.lemas.edu.ec\/ml2\/wp-json\/wp\/v2\/pages\/1175\/revisions"}],"predecessor-version":[{"id":7232,"href":"https:\/\/www.lemas.edu.ec\/ml2\/wp-json\/wp\/v2\/pages\/1175\/revisions\/7232"}],"wp:attachment":[{"href":"https:\/\/www.lemas.edu.ec\/ml2\/wp-json\/wp\/v2\/media?parent=1175"}],"curies":[{"name":"wp","href":"https:\/\/api.w.org\/{rel}","templated":true}]}}