{"id":1617,"date":"2021-10-26T06:14:49","date_gmt":"2021-10-26T11:14:49","guid":{"rendered":"https:\/\/www.lemas.edu.ec\/ml2\/?page_id=1617"},"modified":"2023-04-13T10:07:20","modified_gmt":"2023-04-13T15:07:20","slug":"metodologia-pensar-y-sentir","status":"publish","type":"page","link":"https:\/\/www.lemas.edu.ec\/ml2\/metodologia-pensar-y-sentir\/","title":{"rendered":"Metodolog\u00eda Pensar y Sentir"},"content":{"rendered":"\t\t<div data-elementor-type=\"wp-page\" data-elementor-id=\"1617\" class=\"elementor elementor-1617\">\n\t\t\t\t\t\t<section class=\"elementor-section elementor-top-section elementor-element elementor-element-54c44e0c elementor-section-stretched elementor-section-boxed elementor-section-height-default elementor-section-height-default\" data-id=\"54c44e0c\" data-element_type=\"section\" data-e-type=\"section\" data-settings=\"{&quot;background_background&quot;:&quot;classic&quot;,&quot;stretch_section&quot;:&quot;section-stretched&quot;}\">\n\t\t\t\t\t\t\t<div class=\"elementor-background-overlay\"><\/div>\n\t\t\t\t\t\t\t<div class=\"elementor-container elementor-column-gap-default\">\n\t\t\t\t\t<div class=\"elementor-column elementor-col-50 elementor-top-column elementor-element elementor-element-47ce2c36\" data-id=\"47ce2c36\" data-element_type=\"column\" data-e-type=\"column\" data-settings=\"{&quot;background_background&quot;:&quot;classic&quot;}\">\n\t\t\t<div class=\"elementor-widget-wrap elementor-element-populated\">\n\t\t\t\t\t\t<div class=\"elementor-element elementor-element-4f698485 elementor-widget elementor-widget-heading\" data-id=\"4f698485\" data-element_type=\"widget\" data-e-type=\"widget\" data-widget_type=\"heading.default\">\n\t\t\t\t<div class=\"elementor-widget-container\">\n\t\t\t\t\t<h1 class=\"elementor-heading-title elementor-size-default\">Pensar y Sentir<\/h1>\t\t\t\t<\/div>\n\t\t\t\t<\/div>\n\t\t\t\t<div class=\"elementor-element elementor-element-3ea69cb9 elementor-view-default elementor-widget elementor-widget-icon\" data-id=\"3ea69cb9\" data-element_type=\"widget\" data-e-type=\"widget\" data-widget_type=\"icon.default\">\n\t\t\t\t<div class=\"elementor-widget-container\">\n\t\t\t\t\t\t\t<div class=\"elementor-icon-wrapper\">\n\t\t\t<div class=\"elementor-icon\">\n\t\t\t<i aria-hidden=\"true\" class=\"fas fa-caret-down\"><\/i>\t\t\t<\/div>\n\t\t<\/div>\n\t\t\t\t\t\t<\/div>\n\t\t\t\t<\/div>\n\t\t\t\t\t<\/div>\n\t\t<\/div>\n\t\t\t\t<div class=\"elementor-column elementor-col-50 elementor-top-column elementor-element elementor-element-28b612a0\" data-id=\"28b612a0\" data-element_type=\"column\" data-e-type=\"column\">\n\t\t\t<div class=\"elementor-widget-wrap\">\n\t\t\t\t\t\t\t<\/div>\n\t\t<\/div>\n\t\t\t\t\t<\/div>\n\t\t<\/section>\n\t\t\t\t<section class=\"elementor-section elementor-top-section elementor-element elementor-element-4a69bb8b elementor-section-stretched elementor-section-boxed elementor-section-height-default elementor-section-height-default\" data-id=\"4a69bb8b\" data-element_type=\"section\" data-e-type=\"section\" data-settings=\"{&quot;background_background&quot;:&quot;classic&quot;,&quot;stretch_section&quot;:&quot;section-stretched&quot;}\">\n\t\t\t\t\t\t<div class=\"elementor-container elementor-column-gap-default\">\n\t\t\t\t\t<div class=\"elementor-column elementor-col-100 elementor-top-column elementor-element elementor-element-5a3ec724\" data-id=\"5a3ec724\" data-element_type=\"column\" data-e-type=\"column\" data-settings=\"{&quot;background_background&quot;:&quot;classic&quot;}\">\n\t\t\t<div class=\"elementor-widget-wrap elementor-element-populated\">\n\t\t\t\t\t\t<div class=\"elementor-element elementor-element-355325ef elementor-widget elementor-widget-text-editor\" data-id=\"355325ef\" data-element_type=\"widget\" data-e-type=\"widget\" data-widget_type=\"text-editor.default\">\n\t\t\t\t<div class=\"elementor-widget-container\">\n\t\t\t\t\t\t\t\t\t<p>&#8220;No hay Pensamiento sin Emociones, ni Emociones sin pensamiento&#8221;<\/p>\t\t\t\t\t\t\t\t<\/div>\n\t\t\t\t<\/div>\n\t\t\t\t<div class=\"elementor-element elementor-element-8e64672 elementor-widget elementor-widget-text-editor\" data-id=\"8e64672\" data-element_type=\"widget\" data-e-type=\"widget\" data-widget_type=\"text-editor.default\">\n\t\t\t\t<div class=\"elementor-widget-container\">\n\t\t\t\t\t\t\t\t\t<b>Margarita Amestoy de S\u00e1nchez<\/b>\t\t\t\t\t\t\t\t<\/div>\n\t\t\t\t<\/div>\n\t\t\t\t\t<\/div>\n\t\t<\/div>\n\t\t\t\t\t<\/div>\n\t\t<\/section>\n\t\t\t\t<section class=\"elementor-section elementor-top-section elementor-element elementor-element-6d96c42 elementor-section-stretched elementor-section-boxed elementor-section-height-default elementor-section-height-default\" data-id=\"6d96c42\" data-element_type=\"section\" data-e-type=\"section\" data-settings=\"{&quot;background_background&quot;:&quot;classic&quot;,&quot;stretch_section&quot;:&quot;section-stretched&quot;}\">\n\t\t\t\t\t\t<div class=\"elementor-container elementor-column-gap-default\">\n\t\t\t\t\t<div class=\"elementor-column elementor-col-50 elementor-top-column elementor-element elementor-element-75f7d18\" data-id=\"75f7d18\" data-element_type=\"column\" data-e-type=\"column\" data-settings=\"{&quot;background_background&quot;:&quot;classic&quot;}\">\n\t\t\t<div class=\"elementor-widget-wrap elementor-element-populated\">\n\t\t\t\t\t\t<div class=\"elementor-element elementor-element-606453c3 elementor-widget elementor-widget-heading\" data-id=\"606453c3\" data-element_type=\"widget\" data-e-type=\"widget\" data-widget_type=\"heading.default\">\n\t\t\t\t<div class=\"elementor-widget-container\">\n\t\t\t\t\t<h2 class=\"elementor-heading-title elementor-size-default\">Metodolog\u00eda Pensamiento y Emociones<\/h2>\t\t\t\t<\/div>\n\t\t\t\t<\/div>\n\t\t\t\t<div class=\"elementor-element elementor-element-64239312 elementor-widget elementor-widget-text-editor\" data-id=\"64239312\" data-element_type=\"widget\" data-e-type=\"widget\" data-widget_type=\"text-editor.default\">\n\t\t\t\t<div class=\"elementor-widget-container\">\n\t\t\t\t\t\t\t\t\t<p style=\"text-align: justify;\">La Metodolog\u00eda de Procesos de la Dra. Margarita Amestoy de S\u00e1nchez, tambi\u00e9n conocida como Aprender a Pensar (AP) o Desarrollo del pensamiento (DP) que vinculada actualmente a las emociones es denominada (PE) o Pensamiento y emociones, es la columna vertebral de la instituci\u00f3n, que estimula en nuestros ni\u00f1os y j\u00f3venes los procesos creativos, autodidactas, cr\u00edticos, y de toma de decisiones con base en la inteligencia emocional.<\/p>\nLa did\u00e1ctica basada en procesos constituye un modelo de ense\u00f1anza-aprendizaje integral, cimentado en dos etapas fundamentales:\n<ul>\n \t<li>Como asignatura desde Quinto A\u00f1o de Educaci\u00f3n B\u00e1sica hasta Tercero de Bachillerato y,<\/li>\n \t<li>Como transferencia o aplicaci\u00f3n en todas las asignaturas y todos los niveles.<\/li>\n<\/ul>\n<p align=\"justify\">Con la aplicaci\u00f3n consciente, deliberada y sistem\u00e1tica de la ASIGNATURA DESARROLLO DEL PENSAMIENTO O PENSAMIENTO Y EMOCIONES que inicia con los estudiantes de 5\u00ba B\u00e1sica hasta 3\u00ba Bachillerato, logrando una estructuraci\u00f3n cognitiva, basada en los esquemas de procesamiento que resulten requeridos para lograr que la persona se libere de las barreras que le impiden pensar con claridad, y que desarrolle los modelos de procesamiento mental utiliz\u00e1ndolos con eficacia y efectividad, con variedad de estilos y estrategias para aprender y resolver los problemas que confronte en cualquier \u00e1mbito en el cual tenga que desempe\u00f1arse.<\/p>\n<p align=\"justify\">El siguiente componente, la TRANSFERENCIA o aplicaci\u00f3n de los conceptos, t\u00e9rminos, procesos en el resto de asignaturas, tanto las b\u00e1sicas como las complementarias, permite alinear el conocimiento y se practica durante todo el proceso de ense\u00f1anza, desde inicial 1 hasta 3\u00ba de Bachillerato.<\/p>\n<p align=\"justify\">Por lo antes mencionado la formaci\u00f3n y acompa\u00f1amiento de todos los maestros de la instituci\u00f3n es fundamental, as\u00ed como la del resto del personal administrativo y servicio, as\u00ed como los padres de familia.<\/p>\t\t\t\t\t\t\t\t<\/div>\n\t\t\t\t<\/div>\n\t\t\t\t\t<\/div>\n\t\t<\/div>\n\t\t\t\t<div class=\"elementor-column elementor-col-50 elementor-top-column elementor-element elementor-element-d570153\" data-id=\"d570153\" data-element_type=\"column\" data-e-type=\"column\">\n\t\t\t<div class=\"elementor-widget-wrap elementor-element-populated\">\n\t\t\t\t\t\t<div class=\"elementor-element elementor-element-b1da1da elementor-widget elementor-widget-image\" data-id=\"b1da1da\" data-element_type=\"widget\" data-e-type=\"widget\" data-widget_type=\"image.default\">\n\t\t\t\t<div class=\"elementor-widget-container\">\n\t\t\t\t\t\t\t\t\t\t\t\t\t\t\t<img fetchpriority=\"high\" decoding=\"async\" width=\"450\" height=\"1000\" src=\"https:\/\/www.lemas.edu.ec\/ml2\/wp-content\/uploads\/2021\/10\/metodologia-450x1000.png\" class=\"attachment-large size-large wp-image-1778\" alt=\"\" srcset=\"https:\/\/www.lemas.edu.ec\/ml2\/wp-content\/uploads\/2021\/10\/metodologia.png 450w, https:\/\/www.lemas.edu.ec\/ml2\/wp-content\/uploads\/2021\/10\/metodologia-135x300.png 135w, https:\/\/www.lemas.edu.ec\/ml2\/wp-content\/uploads\/2021\/10\/metodologia-45x100.png 45w, https:\/\/www.lemas.edu.ec\/ml2\/wp-content\/uploads\/2021\/10\/metodologia-68x150.png 68w\" sizes=\"(max-width: 450px) 100vw, 450px\" \/>\t\t\t\t\t\t\t\t\t\t\t\t\t\t\t<\/div>\n\t\t\t\t<\/div>\n\t\t\t\t\t<\/div>\n\t\t<\/div>\n\t\t\t\t\t<\/div>\n\t\t<\/section>\n\t\t\t\t<section class=\"elementor-section elementor-top-section elementor-element elementor-element-bba3fe6 elementor-section-boxed elementor-section-height-default elementor-section-height-default\" data-id=\"bba3fe6\" data-element_type=\"section\" data-e-type=\"section\" data-settings=\"{&quot;background_background&quot;:&quot;classic&quot;}\">\n\t\t\t\t\t\t<div class=\"elementor-container elementor-column-gap-default\">\n\t\t\t\t\t<div class=\"elementor-column elementor-col-100 elementor-top-column elementor-element elementor-element-f1898f8\" data-id=\"f1898f8\" data-element_type=\"column\" data-e-type=\"column\">\n\t\t\t<div class=\"elementor-widget-wrap elementor-element-populated\">\n\t\t\t\t\t\t<div class=\"elementor-element elementor-element-ae15d5c elementor-arrows-position-inside elementor-widget elementor-widget-image-carousel\" data-id=\"ae15d5c\" data-element_type=\"widget\" data-e-type=\"widget\" data-settings=\"{&quot;navigation&quot;:&quot;arrows&quot;,&quot;autoplay&quot;:&quot;yes&quot;,&quot;pause_on_hover&quot;:&quot;yes&quot;,&quot;pause_on_interaction&quot;:&quot;yes&quot;,&quot;autoplay_speed&quot;:5000,&quot;infinite&quot;:&quot;yes&quot;,&quot;speed&quot;:500}\" data-widget_type=\"image-carousel.default\">\n\t\t\t\t<div class=\"elementor-widget-container\">\n\t\t\t\t\t\t\t<div class=\"elementor-image-carousel-wrapper swiper\" role=\"region\" aria-roledescription=\"carousel\" aria-label=\"Carrusel de im\u00e1genes\" dir=\"ltr\">\n\t\t\t<div class=\"elementor-image-carousel swiper-wrapper\" aria-live=\"off\">\n\t\t\t\t\t\t\t\t<div class=\"swiper-slide\" role=\"group\" aria-roledescription=\"slide\" aria-label=\"1 of 4\"><figure class=\"swiper-slide-inner\"><img decoding=\"async\" class=\"swiper-slide-image\" src=\"https:\/\/www.lemas.edu.ec\/ml2\/wp-content\/uploads\/2021\/12\/metodologia1-626x417.jpg\" alt=\"metodolog\u00eda1\" \/><\/figure><\/div><div class=\"swiper-slide\" role=\"group\" aria-roledescription=\"slide\" aria-label=\"2 of 4\"><figure class=\"swiper-slide-inner\"><img decoding=\"async\" class=\"swiper-slide-image\" src=\"https:\/\/www.lemas.edu.ec\/ml2\/wp-content\/uploads\/2021\/12\/metodologia2-626x417.jpg\" alt=\"metodologia2\" \/><\/figure><\/div><div class=\"swiper-slide\" role=\"group\" aria-roledescription=\"slide\" aria-label=\"3 of 4\"><figure class=\"swiper-slide-inner\"><img decoding=\"async\" class=\"swiper-slide-image\" src=\"https:\/\/www.lemas.edu.ec\/ml2\/wp-content\/uploads\/2021\/12\/metodologia3-626x417.jpg\" alt=\"metodologia3\" \/><\/figure><\/div><div class=\"swiper-slide\" role=\"group\" aria-roledescription=\"slide\" aria-label=\"4 of 4\"><figure class=\"swiper-slide-inner\"><img decoding=\"async\" class=\"swiper-slide-image\" src=\"https:\/\/www.lemas.edu.ec\/ml2\/wp-content\/uploads\/2021\/12\/metodologia4-626x417.jpg\" alt=\"metodologia4\" \/><\/figure><\/div>\t\t\t<\/div>\n\t\t\t\t\t\t\t\t\t\t\t\t<div class=\"elementor-swiper-button elementor-swiper-button-prev\" role=\"button\" tabindex=\"0\">\n\t\t\t\t\t\t<i aria-hidden=\"true\" class=\"eicon-chevron-left\"><\/i>\t\t\t\t\t<\/div>\n\t\t\t\t\t<div class=\"elementor-swiper-button elementor-swiper-button-next\" role=\"button\" tabindex=\"0\">\n\t\t\t\t\t\t<i aria-hidden=\"true\" class=\"eicon-chevron-right\"><\/i>\t\t\t\t\t<\/div>\n\t\t\t\t\n\t\t\t\t\t\t\t\t\t<\/div>\n\t\t\t\t\t\t<\/div>\n\t\t\t\t<\/div>\n\t\t\t\t\t<\/div>\n\t\t<\/div>\n\t\t\t\t\t<\/div>\n\t\t<\/section>\n\t\t\t\t<\/div>\n\t\t","protected":false},"excerpt":{"rendered":"<p>Pensar y Sentir &#8220;No hay Pensamiento sin Emociones, ni Emociones sin pensamiento&#8221; Margarita Amestoy de S\u00e1nchez Metodolog\u00eda Pensamiento y Emociones La Metodolog\u00eda de Procesos de&nbsp;<a href=\"https:\/\/www.lemas.edu.ec\/ml2\/metodologia-pensar-y-sentir\/\">&hellip;<\/a><\/p>\n","protected":false},"author":1,"featured_media":0,"parent":0,"menu_order":0,"comment_status":"closed","ping_status":"closed","template":"template-fullwidth-no-title.php","meta":{"footnotes":""},"class_list":["post-1617","page","type-page","status-publish","hentry","odd"],"_links":{"self":[{"href":"https:\/\/www.lemas.edu.ec\/ml2\/wp-json\/wp\/v2\/pages\/1617","targetHints":{"allow":["GET"]}}],"collection":[{"href":"https:\/\/www.lemas.edu.ec\/ml2\/wp-json\/wp\/v2\/pages"}],"about":[{"href":"https:\/\/www.lemas.edu.ec\/ml2\/wp-json\/wp\/v2\/types\/page"}],"author":[{"embeddable":true,"href":"https:\/\/www.lemas.edu.ec\/ml2\/wp-json\/wp\/v2\/users\/1"}],"replies":[{"embeddable":true,"href":"https:\/\/www.lemas.edu.ec\/ml2\/wp-json\/wp\/v2\/comments?post=1617"}],"version-history":[{"count":97,"href":"https:\/\/www.lemas.edu.ec\/ml2\/wp-json\/wp\/v2\/pages\/1617\/revisions"}],"predecessor-version":[{"id":5128,"href":"https:\/\/www.lemas.edu.ec\/ml2\/wp-json\/wp\/v2\/pages\/1617\/revisions\/5128"}],"wp:attachment":[{"href":"https:\/\/www.lemas.edu.ec\/ml2\/wp-json\/wp\/v2\/media?parent=1617"}],"curies":[{"name":"wp","href":"https:\/\/api.w.org\/{rel}","templated":true}]}}