{"id":2421,"date":"2021-10-29T12:00:09","date_gmt":"2021-10-29T17:00:09","guid":{"rendered":"https:\/\/www.lemas.edu.ec\/ml2\/?page_id=2421"},"modified":"2025-09-18T13:14:13","modified_gmt":"2025-09-18T18:14:13","slug":"academia-de-ingles","status":"publish","type":"page","link":"https:\/\/www.lemas.edu.ec\/ml2\/academia-de-ingles\/","title":{"rendered":"Academia de Ingl\u00e9s"},"content":{"rendered":"\t\t<div data-elementor-type=\"wp-page\" data-elementor-id=\"2421\" class=\"elementor elementor-2421\">\n\t\t\t\t\t\t<section class=\"elementor-section elementor-top-section elementor-element elementor-element-698f2dc6 elementor-section-stretched elementor-section-boxed elementor-section-height-default elementor-section-height-default\" data-id=\"698f2dc6\" data-element_type=\"section\" data-e-type=\"section\" data-settings=\"{&quot;background_background&quot;:&quot;classic&quot;,&quot;stretch_section&quot;:&quot;section-stretched&quot;}\">\n\t\t\t\t\t\t\t<div class=\"elementor-background-overlay\"><\/div>\n\t\t\t\t\t\t\t<div class=\"elementor-container elementor-column-gap-default\">\n\t\t\t\t\t<div class=\"elementor-column elementor-col-50 elementor-top-column elementor-element elementor-element-15b5ae9c\" data-id=\"15b5ae9c\" data-element_type=\"column\" data-e-type=\"column\" data-settings=\"{&quot;background_background&quot;:&quot;classic&quot;}\">\n\t\t\t<div class=\"elementor-widget-wrap elementor-element-populated\">\n\t\t\t\t\t\t<div class=\"elementor-element elementor-element-109c69 elementor-widget elementor-widget-heading\" data-id=\"109c69\" data-element_type=\"widget\" data-e-type=\"widget\" data-widget_type=\"heading.default\">\n\t\t\t\t<div class=\"elementor-widget-container\">\n\t\t\t\t\t<h1 class=\"elementor-heading-title elementor-size-default\">Lemas English Academy - LEA -<\/h1>\t\t\t\t<\/div>\n\t\t\t\t<\/div>\n\t\t\t\t<div class=\"elementor-element elementor-element-345d1aa6 elementor-view-default elementor-widget elementor-widget-icon\" data-id=\"345d1aa6\" data-element_type=\"widget\" data-e-type=\"widget\" data-widget_type=\"icon.default\">\n\t\t\t\t<div class=\"elementor-widget-container\">\n\t\t\t\t\t\t\t<div class=\"elementor-icon-wrapper\">\n\t\t\t<div class=\"elementor-icon\">\n\t\t\t<i aria-hidden=\"true\" class=\"fas fa-caret-down\"><\/i>\t\t\t<\/div>\n\t\t<\/div>\n\t\t\t\t\t\t<\/div>\n\t\t\t\t<\/div>\n\t\t\t\t\t<\/div>\n\t\t<\/div>\n\t\t\t\t<div class=\"elementor-column elementor-col-50 elementor-top-column elementor-element elementor-element-7fef005f\" data-id=\"7fef005f\" data-element_type=\"column\" data-e-type=\"column\">\n\t\t\t<div class=\"elementor-widget-wrap\">\n\t\t\t\t\t\t\t<\/div>\n\t\t<\/div>\n\t\t\t\t\t<\/div>\n\t\t<\/section>\n\t\t\t\t<section class=\"elementor-section elementor-top-section elementor-element elementor-element-59d2199a elementor-section-stretched elementor-section-boxed elementor-section-height-default elementor-section-height-default\" data-id=\"59d2199a\" data-element_type=\"section\" data-e-type=\"section\" data-settings=\"{&quot;background_background&quot;:&quot;classic&quot;,&quot;stretch_section&quot;:&quot;section-stretched&quot;}\">\n\t\t\t\t\t\t<div class=\"elementor-container elementor-column-gap-default\">\n\t\t\t\t\t<div class=\"elementor-column elementor-col-100 elementor-top-column elementor-element elementor-element-4d39a690\" data-id=\"4d39a690\" data-element_type=\"column\" data-e-type=\"column\" data-settings=\"{&quot;background_background&quot;:&quot;classic&quot;}\">\n\t\t\t<div class=\"elementor-widget-wrap elementor-element-populated\">\n\t\t\t\t\t\t<div class=\"elementor-element elementor-element-798da8cf elementor-widget elementor-widget-text-editor\" data-id=\"798da8cf\" data-element_type=\"widget\" data-e-type=\"widget\" data-widget_type=\"text-editor.default\">\n\t\t\t\t<div class=\"elementor-widget-container\">\n\t\t\t\t\t\t\t\t\t&#8220;Saber otro idioma es como poseer otra alma&#8221;\t\t\t\t\t\t\t\t<\/div>\n\t\t\t\t<\/div>\n\t\t\t\t<div class=\"elementor-element elementor-element-17e6a9bf elementor-widget elementor-widget-text-editor\" data-id=\"17e6a9bf\" data-element_type=\"widget\" data-e-type=\"widget\" data-widget_type=\"text-editor.default\">\n\t\t\t\t<div class=\"elementor-widget-container\">\n\t\t\t\t\t\t\t\t\t<b>Carlo Magno<\/b>\t\t\t\t\t\t\t\t<\/div>\n\t\t\t\t<\/div>\n\t\t\t\t\t<\/div>\n\t\t<\/div>\n\t\t\t\t\t<\/div>\n\t\t<\/section>\n\t\t\t\t<section class=\"elementor-section elementor-top-section elementor-element elementor-element-dd17a49 elementor-section-stretched elementor-section-boxed elementor-section-height-default elementor-section-height-default\" data-id=\"dd17a49\" data-element_type=\"section\" data-e-type=\"section\" data-settings=\"{&quot;background_background&quot;:&quot;classic&quot;,&quot;stretch_section&quot;:&quot;section-stretched&quot;}\">\n\t\t\t\t\t\t<div class=\"elementor-container elementor-column-gap-default\">\n\t\t\t\t\t<div class=\"elementor-column elementor-col-50 elementor-top-column elementor-element elementor-element-36b802a\" data-id=\"36b802a\" data-element_type=\"column\" data-e-type=\"column\" data-settings=\"{&quot;background_background&quot;:&quot;classic&quot;}\">\n\t\t\t<div class=\"elementor-widget-wrap elementor-element-populated\">\n\t\t\t\t\t\t<div class=\"elementor-element elementor-element-64bc331 elementor-widget elementor-widget-heading\" data-id=\"64bc331\" data-element_type=\"widget\" data-e-type=\"widget\" data-widget_type=\"heading.default\">\n\t\t\t\t<div class=\"elementor-widget-container\">\n\t\t\t\t\t<h2 class=\"elementor-heading-title elementor-size-default\">LEA   -  LEMAS ENGLISH ACADEMY  -<\/h2>\t\t\t\t<\/div>\n\t\t\t\t<\/div>\n\t\t\t\t<div class=\"elementor-element elementor-element-6cadb66 elementor-widget elementor-widget-image\" data-id=\"6cadb66\" data-element_type=\"widget\" data-e-type=\"widget\" data-widget_type=\"image.default\">\n\t\t\t\t<div class=\"elementor-widget-container\">\n\t\t\t\t\t\t\t\t\t\t\t\t\t\t\t<img fetchpriority=\"high\" decoding=\"async\" width=\"395\" height=\"128\" src=\"https:\/\/www.lemas.edu.ec\/ml2\/wp-content\/uploads\/2022\/06\/lea_long-395x128.png\" class=\"attachment-large size-large wp-image-4173\" alt=\"\" srcset=\"https:\/\/www.lemas.edu.ec\/ml2\/wp-content\/uploads\/2022\/06\/lea_long.png 395w, https:\/\/www.lemas.edu.ec\/ml2\/wp-content\/uploads\/2022\/06\/lea_long-300x97.png 300w, https:\/\/www.lemas.edu.ec\/ml2\/wp-content\/uploads\/2022\/06\/lea_long-100x32.png 100w, https:\/\/www.lemas.edu.ec\/ml2\/wp-content\/uploads\/2022\/06\/lea_long-150x49.png 150w\" sizes=\"(max-width: 395px) 100vw, 395px\" \/>\t\t\t\t\t\t\t\t\t\t\t\t\t\t\t<\/div>\n\t\t\t\t<\/div>\n\t\t\t\t<div class=\"elementor-element elementor-element-1d009c9 elementor-widget elementor-widget-text-editor\" data-id=\"1d009c9\" data-element_type=\"widget\" data-e-type=\"widget\" data-widget_type=\"text-editor.default\">\n\t\t\t\t<div class=\"elementor-widget-container\">\n\t\t\t\t\t\t\t\t\t<p style=\"text-align: justify;\"><span style=\"font-weight: 400;\">Nuestra academia de ingl\u00e9s fue creada con el prop\u00f3sito de ayudar a nuestros estudiantes con su fluidez y comprensi\u00f3n en este idioma, incrementando su conocimiento para su aplicaci\u00f3n efectiva en la vida estudiantil y posteriormente, laboral. Con el tiempo y el esfuerzo invertido, tuvimos la oportunidad de acoger a m\u00e1s ni\u00f1os y j\u00f3venes fuera de nuestra comunidad, la cual est\u00e1 conformada por m\u00e1s de 100 miembros.\n<\/span><\/p>\n<p style=\"text-align: justify;\">Rindiendo una prueba de ubicaci\u00f3n, nuestros estudiantes son colocados en el nivel que corresponde de acuerdo a los resultados obtenidos en su evaluaci\u00f3n, favoreciendo sus fortalezas y ayud\u00e1ndolos a superar las dificultades encontradas.<\/p>\n<p style=\"text-align: justify;\">El material did\u00e1ctico utilizado est\u00e1 avalado por Cambridge University Press, mismo que se enfoca en las certificaciones internacionales que ellos ofrecen para las diferentes edades, de acuerdo al Marco Com\u00fan Europeo de Referencia [MCER] para las lenguas que es el est\u00e1ndar internacional que define la competencia ling\u00fc\u00edstica a nivel mundial.<\/p>\n<p style=\"text-align: justify;\">En este sentido, LEA se enfoca en el desarrollo de los componentes del lenguaje comunicativo y las habilidades ling\u00fc\u00edsticas como parte central del programa: (a) comprensi\u00f3n auditiva, (b) expresi\u00f3n oral, (c) lectura y (d) escritura; por lo que, sus maestros son certificados y poseen habilidades en el manejo de la tecnolog\u00eda, que aporta en el proceso de aprendizaje, de una manera divertida e interesante.<\/p>\n<p style=\"text-align: justify;\"><\/p>\t\t\t\t\t\t\t\t<\/div>\n\t\t\t\t<\/div>\n\t\t\t\t\t<\/div>\n\t\t<\/div>\n\t\t\t\t<div class=\"elementor-column elementor-col-50 elementor-top-column elementor-element elementor-element-417b08e\" data-id=\"417b08e\" data-element_type=\"column\" data-e-type=\"column\" data-settings=\"{&quot;background_background&quot;:&quot;classic&quot;}\">\n\t\t\t<div class=\"elementor-widget-wrap elementor-element-populated\">\n\t\t\t\t\t\t<div class=\"elementor-element elementor-element-408d157 elementor-widget elementor-widget-button\" data-id=\"408d157\" data-element_type=\"widget\" data-e-type=\"widget\" data-widget_type=\"button.default\">\n\t\t\t\t<div class=\"elementor-widget-container\">\n\t\t\t\t\t\t\t\t\t<div class=\"elementor-button-wrapper\">\n\t\t\t\t\t<a class=\"elementor-button elementor-button-link elementor-size-sm\" href=\"https:\/\/www.lemas.edu.ec\/ml2\/solicitar-lea\">\n\t\t\t\t\t\t<span class=\"elementor-button-content-wrapper\">\n\t\t\t\t\t\t\t\t\t<span class=\"elementor-button-text\">INSCR\u00cdBETE EN LEA<\/span>\n\t\t\t\t\t<\/span>\n\t\t\t\t\t<\/a>\n\t\t\t\t<\/div>\n\t\t\t\t\t\t\t\t<\/div>\n\t\t\t\t<\/div>\n\t\t\t\t<div class=\"elementor-element elementor-element-e1a98f7 elementor-widget elementor-widget-image\" data-id=\"e1a98f7\" data-element_type=\"widget\" data-e-type=\"widget\" data-widget_type=\"image.default\">\n\t\t\t\t<div class=\"elementor-widget-container\">\n\t\t\t\t\t\t\t\t\t\t\t\t\t\t\t<img decoding=\"async\" width=\"819\" height=\"1024\" src=\"https:\/\/www.lemas.edu.ec\/ml2\/wp-content\/uploads\/2025\/09\/Post-Ciclo-1-25_Mesa-de-trabajo-1-scaled-819x1024.jpg\" class=\"attachment-large size-large wp-image-7327\" alt=\"\" srcset=\"https:\/\/www.lemas.edu.ec\/ml2\/wp-content\/uploads\/2025\/09\/Post-Ciclo-1-25_Mesa-de-trabajo-1-scaled-819x1024.jpg 819w, https:\/\/www.lemas.edu.ec\/ml2\/wp-content\/uploads\/2025\/09\/Post-Ciclo-1-25_Mesa-de-trabajo-1-scaled-240x300.jpg 240w, https:\/\/www.lemas.edu.ec\/ml2\/wp-content\/uploads\/2025\/09\/Post-Ciclo-1-25_Mesa-de-trabajo-1-scaled-80x100.jpg 80w, https:\/\/www.lemas.edu.ec\/ml2\/wp-content\/uploads\/2025\/09\/Post-Ciclo-1-25_Mesa-de-trabajo-1-scaled-1229x1536.jpg 1229w, https:\/\/www.lemas.edu.ec\/ml2\/wp-content\/uploads\/2025\/09\/Post-Ciclo-1-25_Mesa-de-trabajo-1-scaled-1638x2048.jpg 1638w, https:\/\/www.lemas.edu.ec\/ml2\/wp-content\/uploads\/2025\/09\/Post-Ciclo-1-25_Mesa-de-trabajo-1-scaled-120x150.jpg 120w, https:\/\/www.lemas.edu.ec\/ml2\/wp-content\/uploads\/2025\/09\/Post-Ciclo-1-25_Mesa-de-trabajo-1-scaled.jpg 2048w\" sizes=\"(max-width: 819px) 100vw, 819px\" \/>\t\t\t\t\t\t\t\t\t\t\t\t\t\t\t<\/div>\n\t\t\t\t<\/div>\n\t\t\t\t\t<\/div>\n\t\t<\/div>\n\t\t\t\t\t<\/div>\n\t\t<\/section>\n\t\t\t\t<section class=\"elementor-section elementor-top-section elementor-element elementor-element-30a82b0f elementor-section-boxed elementor-section-height-default elementor-section-height-default\" data-id=\"30a82b0f\" data-element_type=\"section\" data-e-type=\"section\" data-settings=\"{&quot;background_background&quot;:&quot;classic&quot;}\">\n\t\t\t\t\t\t<div class=\"elementor-container elementor-column-gap-default\">\n\t\t\t\t\t<div class=\"elementor-column elementor-col-100 elementor-top-column elementor-element elementor-element-3c3b5f00\" data-id=\"3c3b5f00\" data-element_type=\"column\" data-e-type=\"column\">\n\t\t\t<div class=\"elementor-widget-wrap elementor-element-populated\">\n\t\t\t\t\t\t<div class=\"elementor-element elementor-element-26c7a7ad elementor-arrows-position-inside elementor-widget elementor-widget-image-carousel\" data-id=\"26c7a7ad\" data-element_type=\"widget\" data-e-type=\"widget\" data-settings=\"{&quot;navigation&quot;:&quot;arrows&quot;,&quot;autoplay&quot;:&quot;yes&quot;,&quot;pause_on_hover&quot;:&quot;yes&quot;,&quot;pause_on_interaction&quot;:&quot;yes&quot;,&quot;autoplay_speed&quot;:5000,&quot;infinite&quot;:&quot;yes&quot;,&quot;speed&quot;:500}\" data-widget_type=\"image-carousel.default\">\n\t\t\t\t<div class=\"elementor-widget-container\">\n\t\t\t\t\t\t\t<div class=\"elementor-image-carousel-wrapper swiper\" role=\"region\" aria-roledescription=\"carousel\" aria-label=\"Carrusel de im\u00e1genes\" dir=\"ltr\">\n\t\t\t<div class=\"elementor-image-carousel swiper-wrapper\" aria-live=\"off\">\n\t\t\t\t\t\t\t\t<div class=\"swiper-slide\" role=\"group\" aria-roledescription=\"slide\" aria-label=\"1 of 4\"><figure class=\"swiper-slide-inner\"><img decoding=\"async\" class=\"swiper-slide-image\" src=\"https:\/\/www.lemas.edu.ec\/ml2\/wp-content\/uploads\/2021\/12\/lea1-626x417.jpg\" alt=\"lea1\" \/><\/figure><\/div><div class=\"swiper-slide\" role=\"group\" aria-roledescription=\"slide\" aria-label=\"2 of 4\"><figure class=\"swiper-slide-inner\"><img decoding=\"async\" class=\"swiper-slide-image\" src=\"https:\/\/www.lemas.edu.ec\/ml2\/wp-content\/uploads\/2021\/12\/lea2-626x417.jpg\" alt=\"lea2\" \/><\/figure><\/div><div class=\"swiper-slide\" role=\"group\" aria-roledescription=\"slide\" aria-label=\"3 of 4\"><figure class=\"swiper-slide-inner\"><img decoding=\"async\" class=\"swiper-slide-image\" src=\"https:\/\/www.lemas.edu.ec\/ml2\/wp-content\/uploads\/2021\/12\/lea4-626x417.jpg\" alt=\"lea4\" \/><\/figure><\/div><div class=\"swiper-slide\" role=\"group\" aria-roledescription=\"slide\" aria-label=\"4 of 4\"><figure class=\"swiper-slide-inner\"><img decoding=\"async\" class=\"swiper-slide-image\" src=\"https:\/\/www.lemas.edu.ec\/ml2\/wp-content\/uploads\/2021\/12\/lea5-626x417.jpg\" alt=\"lea5\" \/><\/figure><\/div>\t\t\t<\/div>\n\t\t\t\t\t\t\t\t\t\t\t\t<div class=\"elementor-swiper-button elementor-swiper-button-prev\" role=\"button\" tabindex=\"0\">\n\t\t\t\t\t\t<i aria-hidden=\"true\" class=\"eicon-chevron-left\"><\/i>\t\t\t\t\t<\/div>\n\t\t\t\t\t<div class=\"elementor-swiper-button elementor-swiper-button-next\" role=\"button\" tabindex=\"0\">\n\t\t\t\t\t\t<i aria-hidden=\"true\" class=\"eicon-chevron-right\"><\/i>\t\t\t\t\t<\/div>\n\t\t\t\t\n\t\t\t\t\t\t\t\t\t<\/div>\n\t\t\t\t\t\t<\/div>\n\t\t\t\t<\/div>\n\t\t\t\t\t<\/div>\n\t\t<\/div>\n\t\t\t\t\t<\/div>\n\t\t<\/section>\n\t\t\t\t<\/div>\n\t\t","protected":false},"excerpt":{"rendered":"<p>Lemas English Academy &#8211; LEA &#8211; &#8220;Saber otro idioma es como poseer otra alma&#8221;Carlo Magno LEA &#8211; LEMAS ENGLISH ACADEMY &#8211; Nuestra academia de ingl\u00e9s&nbsp;<a href=\"https:\/\/www.lemas.edu.ec\/ml2\/academia-de-ingles\/\">&hellip;<\/a><\/p>\n","protected":false},"author":1,"featured_media":0,"parent":0,"menu_order":0,"comment_status":"closed","ping_status":"closed","template":"template-fullwidth-no-title.php","meta":{"footnotes":""},"class_list":["post-2421","page","type-page","status-publish","hentry","odd"],"_links":{"self":[{"href":"https:\/\/www.lemas.edu.ec\/ml2\/wp-json\/wp\/v2\/pages\/2421","targetHints":{"allow":["GET"]}}],"collection":[{"href":"https:\/\/www.lemas.edu.ec\/ml2\/wp-json\/wp\/v2\/pages"}],"about":[{"href":"https:\/\/www.lemas.edu.ec\/ml2\/wp-json\/wp\/v2\/types\/page"}],"author":[{"embeddable":true,"href":"https:\/\/www.lemas.edu.ec\/ml2\/wp-json\/wp\/v2\/users\/1"}],"replies":[{"embeddable":true,"href":"https:\/\/www.lemas.edu.ec\/ml2\/wp-json\/wp\/v2\/comments?post=2421"}],"version-history":[{"count":61,"href":"https:\/\/www.lemas.edu.ec\/ml2\/wp-json\/wp\/v2\/pages\/2421\/revisions"}],"predecessor-version":[{"id":7330,"href":"https:\/\/www.lemas.edu.ec\/ml2\/wp-json\/wp\/v2\/pages\/2421\/revisions\/7330"}],"wp:attachment":[{"href":"https:\/\/www.lemas.edu.ec\/ml2\/wp-json\/wp\/v2\/media?parent=2421"}],"curies":[{"name":"wp","href":"https:\/\/api.w.org\/{rel}","templated":true}]}}