{"id":2740,"date":"2021-11-12T09:43:36","date_gmt":"2021-11-12T14:43:36","guid":{"rendered":"https:\/\/www.lemas.edu.ec\/ml2\/?page_id=2740"},"modified":"2026-01-09T10:49:55","modified_gmt":"2026-01-09T15:49:55","slug":"transporte","status":"publish","type":"page","link":"https:\/\/www.lemas.edu.ec\/ml2\/transporte\/","title":{"rendered":"Transporte"},"content":{"rendered":"\t\t<div data-elementor-type=\"wp-page\" data-elementor-id=\"2740\" class=\"elementor elementor-2740\">\n\t\t\t\t\t\t<section class=\"elementor-section elementor-top-section elementor-element elementor-element-229d4064 elementor-section-stretched elementor-section-boxed elementor-section-height-default elementor-section-height-default\" data-id=\"229d4064\" data-element_type=\"section\" data-e-type=\"section\" data-settings=\"{&quot;background_background&quot;:&quot;classic&quot;,&quot;stretch_section&quot;:&quot;section-stretched&quot;}\">\n\t\t\t\t\t\t\t<div class=\"elementor-background-overlay\"><\/div>\n\t\t\t\t\t\t\t<div class=\"elementor-container elementor-column-gap-default\">\n\t\t\t\t\t<div class=\"elementor-column elementor-col-50 elementor-top-column elementor-element elementor-element-7471ed19\" data-id=\"7471ed19\" data-element_type=\"column\" data-e-type=\"column\" data-settings=\"{&quot;background_background&quot;:&quot;classic&quot;}\">\n\t\t\t<div class=\"elementor-widget-wrap elementor-element-populated\">\n\t\t\t\t\t\t<div class=\"elementor-element elementor-element-d44175d elementor-widget elementor-widget-heading\" data-id=\"d44175d\" data-element_type=\"widget\" data-e-type=\"widget\" data-widget_type=\"heading.default\">\n\t\t\t\t<div class=\"elementor-widget-container\">\n\t\t\t\t\t<h1 class=\"elementor-heading-title elementor-size-default\">Transporte Escolar<\/h1>\t\t\t\t<\/div>\n\t\t\t\t<\/div>\n\t\t\t\t<div class=\"elementor-element elementor-element-11eefae7 elementor-view-default elementor-widget elementor-widget-icon\" data-id=\"11eefae7\" data-element_type=\"widget\" data-e-type=\"widget\" data-widget_type=\"icon.default\">\n\t\t\t\t<div class=\"elementor-widget-container\">\n\t\t\t\t\t\t\t<div class=\"elementor-icon-wrapper\">\n\t\t\t<div class=\"elementor-icon\">\n\t\t\t<i aria-hidden=\"true\" class=\"fas fa-caret-down\"><\/i>\t\t\t<\/div>\n\t\t<\/div>\n\t\t\t\t\t\t<\/div>\n\t\t\t\t<\/div>\n\t\t\t\t\t<\/div>\n\t\t<\/div>\n\t\t\t\t<div class=\"elementor-column elementor-col-50 elementor-top-column elementor-element elementor-element-3d200140\" data-id=\"3d200140\" data-element_type=\"column\" data-e-type=\"column\">\n\t\t\t<div class=\"elementor-widget-wrap\">\n\t\t\t\t\t\t\t<\/div>\n\t\t<\/div>\n\t\t\t\t\t<\/div>\n\t\t<\/section>\n\t\t\t\t<section class=\"elementor-section elementor-top-section elementor-element elementor-element-29b26fc0 elementor-section-stretched elementor-section-boxed elementor-section-height-default elementor-section-height-default\" data-id=\"29b26fc0\" data-element_type=\"section\" data-e-type=\"section\" data-settings=\"{&quot;background_background&quot;:&quot;classic&quot;,&quot;stretch_section&quot;:&quot;section-stretched&quot;}\">\n\t\t\t\t\t\t<div class=\"elementor-container elementor-column-gap-default\">\n\t\t\t\t\t<div class=\"elementor-column elementor-col-50 elementor-top-column elementor-element elementor-element-1cbcb19b\" data-id=\"1cbcb19b\" data-element_type=\"column\" data-e-type=\"column\" data-settings=\"{&quot;background_background&quot;:&quot;classic&quot;}\">\n\t\t\t<div class=\"elementor-widget-wrap elementor-element-populated\">\n\t\t\t\t\t\t<div class=\"elementor-element elementor-element-3b03eb9f elementor-widget elementor-widget-heading\" data-id=\"3b03eb9f\" data-element_type=\"widget\" data-e-type=\"widget\" data-widget_type=\"heading.default\">\n\t\t\t\t<div class=\"elementor-widget-container\">\n\t\t\t\t\t<h2 class=\"elementor-heading-title elementor-size-default\">Servicio de Transporte<\/h2>\t\t\t\t<\/div>\n\t\t\t\t<\/div>\n\t\t\t\t<div class=\"elementor-element elementor-element-32ee0ab1 elementor-widget elementor-widget-text-editor\" data-id=\"32ee0ab1\" data-element_type=\"widget\" data-e-type=\"widget\" data-widget_type=\"text-editor.default\">\n\t\t\t\t<div class=\"elementor-widget-container\">\n\t\t\t\t\t\t\t\t\t<p style=\"text-align: justify;\">La Coordinaci\u00f3n de Transporte, pone a disposici\u00f3n de la comunidad de padres de familia de LEMAS, el formulario de inscripci\u00f3n para el servicio de transporte.<\/p>\n<p><b>C<span style=\"text-align: justify;\">onsideraciones Importantes<\/span><\/b><\/p>\n<ul>\n<li>Su solicitud ser\u00e1 procesada por la Coordinaci\u00f3n de transportes.<\/li>\n<li>El transportista asignado se contactar\u00e1 con usted a los tel\u00e9fonos registrados dentro de la semana previa a la fecha declarada para inicio de clases.<\/li>\n<li>El servicio en cada ruta se <b>activar\u00e1<\/b>, siempre y cuando, se <b>complete el n\u00famero m\u00ednimo requerido para su apertura.<\/b><\/li>\n<li>Las isncrpciones <strong>se cerrar\u00e1n tres d\u00edas antes<\/strong> del inicio del a\u00f1o lectivo.<\/li>\n<li>Una vez iniciado el a\u00f1o lectivo deber\u00e1 descargar en su equipo celular la aplicaci\u00f3n MI BUSETA, de la cual recibir\u00e1 mayor informaci\u00f3n durante la tercera semana de clases.<\/li>\n<li>Leer e interiorizar la Normativa de Transporte Escolar publicada en este portal en el Men\u00fa Online opci\u00f3n Documentos, o haciendo <a href=\"https:\/\/drive.google.com\/file\/d\/1726EDyjOz7dISiWQiHrMSFN3Lv0w1o-N\/view?usp=sharing\">clic aqui.<\/a><\/li>\n<\/ul>\n<p style=\"text-align: justify;\">Para solicitar el servicio debe presionar el bot\u00f3n <b>SOLCITAR TRANSPORTE<\/b>, dentro del mismo se presentan las tarifas aprobadas con sus respectivas rutas.<\/p><ul>\n<\/ul>\t\t\t\t\t\t\t\t<\/div>\n\t\t\t\t<\/div>\n\t\t\t\t\t<\/div>\n\t\t<\/div>\n\t\t\t\t<div class=\"elementor-column elementor-col-50 elementor-top-column elementor-element elementor-element-5565bef2\" data-id=\"5565bef2\" data-element_type=\"column\" data-e-type=\"column\" data-settings=\"{&quot;background_background&quot;:&quot;classic&quot;}\">\n\t\t\t<div class=\"elementor-widget-wrap elementor-element-populated\">\n\t\t\t\t\t\t<div class=\"elementor-element elementor-element-5c0ae0a elementor-widget elementor-widget-button\" data-id=\"5c0ae0a\" data-element_type=\"widget\" data-e-type=\"widget\" data-widget_type=\"button.default\">\n\t\t\t\t<div class=\"elementor-widget-container\">\n\t\t\t\t\t\t\t\t\t<div class=\"elementor-button-wrapper\">\n\t\t\t\t\t<a class=\"elementor-button elementor-button-link elementor-size-sm\" href=\"https:\/\/www.lemas.edu.ec\/ml2\/solicitar-transporte\/\">\n\t\t\t\t\t\t<span class=\"elementor-button-content-wrapper\">\n\t\t\t\t\t\t\t\t\t<span class=\"elementor-button-text\">Solicitar Transporte<\/span>\n\t\t\t\t\t<\/span>\n\t\t\t\t\t<\/a>\n\t\t\t\t<\/div>\n\t\t\t\t\t\t\t\t<\/div>\n\t\t\t\t<\/div>\n\t\t\t\t<div class=\"elementor-element elementor-element-23a12b6 elementor-widget elementor-widget-heading\" data-id=\"23a12b6\" data-element_type=\"widget\" data-e-type=\"widget\" data-widget_type=\"heading.default\">\n\t\t\t\t<div class=\"elementor-widget-container\">\n\t\t\t\t\t<h4 class=\"elementor-heading-title elementor-size-default\">App Mi Buseta<\/h4>\t\t\t\t<\/div>\n\t\t\t\t<\/div>\n\t\t\t\t<div class=\"elementor-element elementor-element-4c32603 elementor-widget elementor-widget-image\" data-id=\"4c32603\" data-element_type=\"widget\" data-e-type=\"widget\" data-widget_type=\"image.default\">\n\t\t\t\t<div class=\"elementor-widget-container\">\n\t\t\t\t\t\t\t\t\t\t\t\t\t\t\t\t<a href=\"https:\/\/play.google.com\/store\/apps\/details?id=ec.com.weconnect.mibusetapadres&#038;hl=es_EC&#038;gl=US\" target=\"_blank\">\n\t\t\t\t\t\t\t<img fetchpriority=\"high\" decoding=\"async\" width=\"1200\" height=\"1200\" src=\"https:\/\/www.lemas.edu.ec\/ml2\/wp-content\/uploads\/2021\/12\/APLICATIVO-MI-BUSETA.png\" class=\"attachment-full size-full wp-image-3247\" alt=\"\" srcset=\"https:\/\/www.lemas.edu.ec\/ml2\/wp-content\/uploads\/2021\/12\/APLICATIVO-MI-BUSETA.png 1200w, https:\/\/www.lemas.edu.ec\/ml2\/wp-content\/uploads\/2021\/12\/APLICATIVO-MI-BUSETA-150x150.png 150w, https:\/\/www.lemas.edu.ec\/ml2\/wp-content\/uploads\/2021\/12\/APLICATIVO-MI-BUSETA-300x300.png 300w, https:\/\/www.lemas.edu.ec\/ml2\/wp-content\/uploads\/2021\/12\/APLICATIVO-MI-BUSETA-1024x1024.png 1024w, https:\/\/www.lemas.edu.ec\/ml2\/wp-content\/uploads\/2021\/12\/APLICATIVO-MI-BUSETA-100x100.png 100w, https:\/\/www.lemas.edu.ec\/ml2\/wp-content\/uploads\/2021\/12\/APLICATIVO-MI-BUSETA-768x768.png 768w, https:\/\/www.lemas.edu.ec\/ml2\/wp-content\/uploads\/2021\/12\/APLICATIVO-MI-BUSETA-420x420.png 420w, https:\/\/www.lemas.edu.ec\/ml2\/wp-content\/uploads\/2021\/12\/APLICATIVO-MI-BUSETA-400x400.png 400w, https:\/\/www.lemas.edu.ec\/ml2\/wp-content\/uploads\/2021\/12\/APLICATIVO-MI-BUSETA-600x600.png 600w\" sizes=\"(max-width: 1200px) 100vw, 1200px\" \/>\t\t\t\t\t\t\t\t<\/a>\n\t\t\t\t\t\t\t\t\t\t\t\t\t\t\t<\/div>\n\t\t\t\t<\/div>\n\t\t\t\t<div class=\"elementor-element elementor-element-a411e69 elementor-widget elementor-widget-heading\" data-id=\"a411e69\" data-element_type=\"widget\" data-e-type=\"widget\" data-widget_type=\"heading.default\">\n\t\t\t\t<div class=\"elementor-widget-container\">\n\t\t\t\t\t<h4 class=\"elementor-heading-title elementor-size-default\">Documentos<\/h4>\t\t\t\t<\/div>\n\t\t\t\t<\/div>\n\t\t\t\t<section class=\"elementor-section elementor-inner-section elementor-element elementor-element-33a517d3 elementor-section-boxed elementor-section-height-default elementor-section-height-default\" data-id=\"33a517d3\" data-element_type=\"section\" data-e-type=\"section\" data-settings=\"{&quot;background_background&quot;:&quot;classic&quot;}\">\n\t\t\t\t\t\t<div class=\"elementor-container elementor-column-gap-default\">\n\t\t\t\t\t<div class=\"elementor-column elementor-col-50 elementor-inner-column elementor-element elementor-element-4a1e5e3b width-auto\" data-id=\"4a1e5e3b\" data-element_type=\"column\" data-e-type=\"column\">\n\t\t\t<div class=\"elementor-widget-wrap elementor-element-populated\">\n\t\t\t\t\t\t<div class=\"elementor-element elementor-element-376d3c59 elementor-view-default elementor-widget elementor-widget-icon\" data-id=\"376d3c59\" data-element_type=\"widget\" data-e-type=\"widget\" data-widget_type=\"icon.default\">\n\t\t\t\t<div class=\"elementor-widget-container\">\n\t\t\t\t\t\t\t<div class=\"elementor-icon-wrapper\">\n\t\t\t<a class=\"elementor-icon\" href=\"https:\/\/drive.google.com\/file\/d\/1l7UI3mm8rpYeRq7jPw_YQ7Fsi-k0atep\/view?usp=sharing\" target=\"_blank\">\n\t\t\t<i aria-hidden=\"true\" class=\"far fa-file-pdf\"><\/i>\t\t\t<\/a>\n\t\t<\/div>\n\t\t\t\t\t\t<\/div>\n\t\t\t\t<\/div>\n\t\t\t\t\t<\/div>\n\t\t<\/div>\n\t\t\t\t<div class=\"elementor-column elementor-col-50 elementor-inner-column elementor-element elementor-element-c73c0ae\" data-id=\"c73c0ae\" data-element_type=\"column\" data-e-type=\"column\">\n\t\t\t<div class=\"elementor-widget-wrap elementor-element-populated\">\n\t\t\t\t\t\t<div class=\"elementor-element elementor-element-4eb8f81a elementor-widget elementor-widget-heading\" data-id=\"4eb8f81a\" data-element_type=\"widget\" data-e-type=\"widget\" data-widget_type=\"heading.default\">\n\t\t\t\t<div class=\"elementor-widget-container\">\n\t\t\t\t\t<p class=\"elementor-heading-title elementor-size-default\"><a href=\"https:\/\/drive.google.com\/file\/d\/1l7UI3mm8rpYeRq7jPw_YQ7Fsi-k0atep\/view?usp=sharing\" target=\"_blank\">Mi Buseta<\/a><\/p>\t\t\t\t<\/div>\n\t\t\t\t<\/div>\n\t\t\t\t\t<\/div>\n\t\t<\/div>\n\t\t\t\t\t<\/div>\n\t\t<\/section>\n\t\t\t\t<section class=\"elementor-section elementor-inner-section elementor-element elementor-element-76be0f52 elementor-section-boxed elementor-section-height-default elementor-section-height-default\" data-id=\"76be0f52\" data-element_type=\"section\" data-e-type=\"section\" data-settings=\"{&quot;background_background&quot;:&quot;classic&quot;}\">\n\t\t\t\t\t\t<div class=\"elementor-container elementor-column-gap-default\">\n\t\t\t\t\t<div class=\"elementor-column elementor-col-50 elementor-inner-column elementor-element elementor-element-15034a52 width-auto\" data-id=\"15034a52\" data-element_type=\"column\" data-e-type=\"column\">\n\t\t\t<div class=\"elementor-widget-wrap elementor-element-populated\">\n\t\t\t\t\t\t<div class=\"elementor-element elementor-element-57eeb0f1 elementor-view-default elementor-widget elementor-widget-icon\" data-id=\"57eeb0f1\" data-element_type=\"widget\" data-e-type=\"widget\" data-widget_type=\"icon.default\">\n\t\t\t\t<div class=\"elementor-widget-container\">\n\t\t\t\t\t\t\t<div class=\"elementor-icon-wrapper\">\n\t\t\t<a class=\"elementor-icon\" href=\"https:\/\/drive.google.com\/file\/d\/1ofUR3iGOP1GdNpZ9rR3eLjwCilWhfpcl\/view?usp=drive_link\" target=\"_blank\">\n\t\t\t<i aria-hidden=\"true\" class=\"far fa-file-pdf\"><\/i>\t\t\t<\/a>\n\t\t<\/div>\n\t\t\t\t\t\t<\/div>\n\t\t\t\t<\/div>\n\t\t\t\t\t<\/div>\n\t\t<\/div>\n\t\t\t\t<div class=\"elementor-column elementor-col-50 elementor-inner-column elementor-element elementor-element-444fbf25\" data-id=\"444fbf25\" data-element_type=\"column\" data-e-type=\"column\">\n\t\t\t<div class=\"elementor-widget-wrap elementor-element-populated\">\n\t\t\t\t\t\t<div class=\"elementor-element elementor-element-7eeed108 elementor-widget elementor-widget-heading\" data-id=\"7eeed108\" data-element_type=\"widget\" data-e-type=\"widget\" data-widget_type=\"heading.default\">\n\t\t\t\t<div class=\"elementor-widget-container\">\n\t\t\t\t\t<p class=\"elementor-heading-title elementor-size-default\"><a href=\"https:\/\/drive.google.com\/file\/d\/1ofUR3iGOP1GdNpZ9rR3eLjwCilWhfpcl\/view?usp=drive_link\" target=\"_blank\">Normativa de Uso<\/a><\/p>\t\t\t\t<\/div>\n\t\t\t\t<\/div>\n\t\t\t\t\t<\/div>\n\t\t<\/div>\n\t\t\t\t\t<\/div>\n\t\t<\/section>\n\t\t\t\t<section class=\"elementor-section elementor-inner-section elementor-element elementor-element-9df20a0 elementor-section-boxed elementor-section-height-default elementor-section-height-default\" data-id=\"9df20a0\" data-element_type=\"section\" data-e-type=\"section\" data-settings=\"{&quot;background_background&quot;:&quot;classic&quot;}\">\n\t\t\t\t\t\t<div class=\"elementor-container elementor-column-gap-default\">\n\t\t\t\t\t<div class=\"elementor-column elementor-col-50 elementor-inner-column elementor-element elementor-element-9f5d2c4 width-auto\" data-id=\"9f5d2c4\" data-element_type=\"column\" data-e-type=\"column\">\n\t\t\t<div class=\"elementor-widget-wrap elementor-element-populated\">\n\t\t\t\t\t\t<div class=\"elementor-element elementor-element-442d708 elementor-view-default elementor-widget elementor-widget-icon\" data-id=\"442d708\" data-element_type=\"widget\" data-e-type=\"widget\" data-widget_type=\"icon.default\">\n\t\t\t\t<div class=\"elementor-widget-container\">\n\t\t\t\t\t\t\t<div class=\"elementor-icon-wrapper\">\n\t\t\t<a class=\"elementor-icon\" href=\"https:\/\/drive.google.com\/file\/d\/1KWLZRbByCfDvQV4X9ESYjBmrfWVj5stu\/view?usp=sharing\" target=\"_blank\">\n\t\t\t<i aria-hidden=\"true\" class=\"far fa-file-pdf\"><\/i>\t\t\t<\/a>\n\t\t<\/div>\n\t\t\t\t\t\t<\/div>\n\t\t\t\t<\/div>\n\t\t\t\t\t<\/div>\n\t\t<\/div>\n\t\t\t\t<div class=\"elementor-column elementor-col-50 elementor-inner-column elementor-element elementor-element-f321585\" data-id=\"f321585\" data-element_type=\"column\" data-e-type=\"column\">\n\t\t\t<div class=\"elementor-widget-wrap elementor-element-populated\">\n\t\t\t\t\t\t<div class=\"elementor-element elementor-element-2e44bf3 elementor-widget elementor-widget-heading\" data-id=\"2e44bf3\" data-element_type=\"widget\" data-e-type=\"widget\" data-widget_type=\"heading.default\">\n\t\t\t\t<div class=\"elementor-widget-container\">\n\t\t\t\t\t<p class=\"elementor-heading-title elementor-size-default\"><a href=\"https:\/\/drive.google.com\/file\/d\/1KWLZRbByCfDvQV4X9ESYjBmrfWVj5stu\/view?usp=sharing\" target=\"_blank\">Lineamientos<\/a><\/p>\t\t\t\t<\/div>\n\t\t\t\t<\/div>\n\t\t\t\t\t<\/div>\n\t\t<\/div>\n\t\t\t\t\t<\/div>\n\t\t<\/section>\n\t\t\t\t<div class=\"elementor-element elementor-element-8a69afd elementor-widget elementor-widget-heading\" data-id=\"8a69afd\" data-element_type=\"widget\" data-e-type=\"widget\" data-widget_type=\"heading.default\">\n\t\t\t\t<div class=\"elementor-widget-container\">\n\t\t\t\t\t<h4 class=\"elementor-heading-title elementor-size-default\">Coordinaci\u00f3n<\/h4>\t\t\t\t<\/div>\n\t\t\t\t<\/div>\n\t\t\t\t<div class=\"elementor-element elementor-element-9a37b2e elementor-widget elementor-widget-text-editor\" data-id=\"9a37b2e\" data-element_type=\"widget\" data-e-type=\"widget\" data-widget_type=\"text-editor.default\">\n\t\t\t\t<div class=\"elementor-widget-container\">\n\t\t\t\t\t\t\t\t\t<p style=\"font-family: Montserrat, sans-serif; text-align: justify;\">Coordinador:\u00a0<\/p><p style=\"font-family: Montserrat, sans-serif; text-align: justify;\">Sr. Fernando Garc\u00eda<\/p><p style=\"font-family: Montserrat, sans-serif; text-align: justify;\">Tel\u00e9fono:\u00a0<\/p><p style=\"font-family: Montserrat, sans-serif; text-align: justify;\">0987352678<\/p><p style=\"font-family: Montserrat, sans-serif; text-align: justify;\">Correo:<\/p><p style=\"font-family: Montserrat, sans-serif; text-align: justify;\">transporteml2@lemas.edu.ec<\/p>\t\t\t\t\t\t\t\t<\/div>\n\t\t\t\t<\/div>\n\t\t\t\t\t<\/div>\n\t\t<\/div>\n\t\t\t\t\t<\/div>\n\t\t<\/section>\n\t\t\t\t<\/div>\n\t\t","protected":false},"excerpt":{"rendered":"<p>Transporte Escolar Servicio de Transporte La Coordinaci\u00f3n de Transporte, pone a disposici\u00f3n de la comunidad de padres de familia de LEMAS, el formulario de inscripci\u00f3n&nbsp;<a href=\"https:\/\/www.lemas.edu.ec\/ml2\/transporte\/\">&hellip;<\/a><\/p>\n","protected":false},"author":1,"featured_media":0,"parent":0,"menu_order":0,"comment_status":"closed","ping_status":"closed","template":"template-fullwidth-no-title.php","meta":{"footnotes":""},"class_list":["post-2740","page","type-page","status-publish","hentry","odd"],"_links":{"self":[{"href":"https:\/\/www.lemas.edu.ec\/ml2\/wp-json\/wp\/v2\/pages\/2740","targetHints":{"allow":["GET"]}}],"collection":[{"href":"https:\/\/www.lemas.edu.ec\/ml2\/wp-json\/wp\/v2\/pages"}],"about":[{"href":"https:\/\/www.lemas.edu.ec\/ml2\/wp-json\/wp\/v2\/types\/page"}],"author":[{"embeddable":true,"href":"https:\/\/www.lemas.edu.ec\/ml2\/wp-json\/wp\/v2\/users\/1"}],"replies":[{"embeddable":true,"href":"https:\/\/www.lemas.edu.ec\/ml2\/wp-json\/wp\/v2\/comments?post=2740"}],"version-history":[{"count":166,"href":"https:\/\/www.lemas.edu.ec\/ml2\/wp-json\/wp\/v2\/pages\/2740\/revisions"}],"predecessor-version":[{"id":7495,"href":"https:\/\/www.lemas.edu.ec\/ml2\/wp-json\/wp\/v2\/pages\/2740\/revisions\/7495"}],"wp:attachment":[{"href":"https:\/\/www.lemas.edu.ec\/ml2\/wp-json\/wp\/v2\/media?parent=2740"}],"curies":[{"name":"wp","href":"https:\/\/api.w.org\/{rel}","templated":true}]}}