{"id":5442,"date":"2023-05-23T18:01:00","date_gmt":"2023-05-23T23:01:00","guid":{"rendered":"https:\/\/www.lemas.edu.ec\/ml2\/?page_id=5442"},"modified":"2025-05-13T11:45:24","modified_gmt":"2025-05-13T16:45:24","slug":"clubes","status":"publish","type":"page","link":"https:\/\/www.lemas.edu.ec\/ml2\/clubes\/","title":{"rendered":"Clubes"},"content":{"rendered":"\t\t<div data-elementor-type=\"wp-page\" data-elementor-id=\"5442\" class=\"elementor elementor-5442\">\n\t\t\t\t\t\t<section class=\"elementor-section elementor-top-section elementor-element elementor-element-79387321 elementor-section-stretched elementor-section-boxed elementor-section-height-default elementor-section-height-default\" data-id=\"79387321\" data-element_type=\"section\" data-e-type=\"section\" data-settings=\"{&quot;background_background&quot;:&quot;classic&quot;,&quot;stretch_section&quot;:&quot;section-stretched&quot;}\">\n\t\t\t\t\t\t\t<div class=\"elementor-background-overlay\"><\/div>\n\t\t\t\t\t\t\t<div class=\"elementor-container elementor-column-gap-default\">\n\t\t\t\t\t<div class=\"elementor-column elementor-col-50 elementor-top-column elementor-element elementor-element-52d8666c\" data-id=\"52d8666c\" data-element_type=\"column\" data-e-type=\"column\" data-settings=\"{&quot;background_background&quot;:&quot;classic&quot;}\">\n\t\t\t<div class=\"elementor-widget-wrap elementor-element-populated\">\n\t\t\t\t\t\t<div class=\"elementor-element elementor-element-337c21bb elementor-widget elementor-widget-heading\" data-id=\"337c21bb\" data-element_type=\"widget\" data-e-type=\"widget\" data-widget_type=\"heading.default\">\n\t\t\t\t<div class=\"elementor-widget-container\">\n\t\t\t\t\t<h1 class=\"elementor-heading-title elementor-size-default\">Clubes<\/h1>\t\t\t\t<\/div>\n\t\t\t\t<\/div>\n\t\t\t\t<div class=\"elementor-element elementor-element-4db18e74 elementor-view-default elementor-widget elementor-widget-icon\" data-id=\"4db18e74\" data-element_type=\"widget\" data-e-type=\"widget\" data-widget_type=\"icon.default\">\n\t\t\t\t<div class=\"elementor-widget-container\">\n\t\t\t\t\t\t\t<div class=\"elementor-icon-wrapper\">\n\t\t\t<div class=\"elementor-icon\">\n\t\t\t<i aria-hidden=\"true\" class=\"fas fa-caret-down\"><\/i>\t\t\t<\/div>\n\t\t<\/div>\n\t\t\t\t\t\t<\/div>\n\t\t\t\t<\/div>\n\t\t\t\t\t<\/div>\n\t\t<\/div>\n\t\t\t\t<div class=\"elementor-column elementor-col-50 elementor-top-column elementor-element elementor-element-5f0c69d6\" data-id=\"5f0c69d6\" data-element_type=\"column\" data-e-type=\"column\">\n\t\t\t<div class=\"elementor-widget-wrap\">\n\t\t\t\t\t\t\t<\/div>\n\t\t<\/div>\n\t\t\t\t\t<\/div>\n\t\t<\/section>\n\t\t\t\t<section class=\"elementor-section elementor-top-section elementor-element elementor-element-21460810 elementor-section-stretched elementor-section-boxed elementor-section-height-default elementor-section-height-default\" data-id=\"21460810\" data-element_type=\"section\" data-e-type=\"section\" data-settings=\"{&quot;background_background&quot;:&quot;classic&quot;,&quot;stretch_section&quot;:&quot;section-stretched&quot;}\">\n\t\t\t\t\t\t<div class=\"elementor-container elementor-column-gap-default\">\n\t\t\t\t\t<div class=\"elementor-column elementor-col-100 elementor-top-column elementor-element elementor-element-1d21e9b7\" data-id=\"1d21e9b7\" data-element_type=\"column\" data-e-type=\"column\" data-settings=\"{&quot;background_background&quot;:&quot;classic&quot;}\">\n\t\t\t<div class=\"elementor-widget-wrap elementor-element-populated\">\n\t\t\t\t\t\t<div class=\"elementor-element elementor-element-769385cf elementor-widget elementor-widget-text-editor\" data-id=\"769385cf\" data-element_type=\"widget\" data-e-type=\"widget\" data-widget_type=\"text-editor.default\">\n\t\t\t\t<div class=\"elementor-widget-container\">\n\t\t\t\t\t\t\t\t\t&#8220;La educaci\u00f3n es el pasaporte hacia el futuro; el ma\u00f1ana pertenece a aquellos que se preparan para \u00e9l en el d\u00eda de hoy.&#8221;\t\t\t\t\t\t\t\t<\/div>\n\t\t\t\t<\/div>\n\t\t\t\t<div class=\"elementor-element elementor-element-be79000 elementor-widget elementor-widget-text-editor\" data-id=\"be79000\" data-element_type=\"widget\" data-e-type=\"widget\" data-widget_type=\"text-editor.default\">\n\t\t\t\t<div class=\"elementor-widget-container\">\n\t\t\t\t\t\t\t\t\t<b>Malcom X.<\/b>\t\t\t\t\t\t\t\t<\/div>\n\t\t\t\t<\/div>\n\t\t\t\t\t<\/div>\n\t\t<\/div>\n\t\t\t\t\t<\/div>\n\t\t<\/section>\n\t\t\t\t<section class=\"elementor-section elementor-top-section elementor-element elementor-element-1181e022 elementor-section-stretched elementor-section-boxed elementor-section-height-default elementor-section-height-default\" data-id=\"1181e022\" data-element_type=\"section\" data-e-type=\"section\" data-settings=\"{&quot;background_background&quot;:&quot;classic&quot;,&quot;stretch_section&quot;:&quot;section-stretched&quot;}\">\n\t\t\t\t\t\t<div class=\"elementor-container elementor-column-gap-default\">\n\t\t\t\t\t<div class=\"elementor-column elementor-col-50 elementor-top-column elementor-element elementor-element-25e1593a\" data-id=\"25e1593a\" data-element_type=\"column\" data-e-type=\"column\" data-settings=\"{&quot;background_background&quot;:&quot;classic&quot;}\">\n\t\t\t<div class=\"elementor-widget-wrap elementor-element-populated\">\n\t\t\t\t\t\t<div class=\"elementor-element elementor-element-5337e1cf elementor-widget elementor-widget-heading\" data-id=\"5337e1cf\" data-element_type=\"widget\" data-e-type=\"widget\" data-widget_type=\"heading.default\">\n\t\t\t\t<div class=\"elementor-widget-container\">\n\t\t\t\t\t<h2 class=\"elementor-heading-title elementor-size-default\">Clubes<\/h2>\t\t\t\t<\/div>\n\t\t\t\t<\/div>\n\t\t\t\t<div class=\"elementor-element elementor-element-441a566b elementor-widget elementor-widget-text-editor\" data-id=\"441a566b\" data-element_type=\"widget\" data-e-type=\"widget\" data-widget_type=\"text-editor.default\">\n\t\t\t\t<div class=\"elementor-widget-container\">\n\t\t\t\t\t\t\t\t\t<p style=\"text-align: justify;\"><span style=\"font-weight: 400;\"><\/span>En aras de aportar con el desarrollo de las habilidades y destrezas de su representado (a), la instituci\u00f3n promueve para los estudiantes de 5to EGB a III BGU las Actividades \u2013Extracurriculares Acad\u00e9micas denominadas CLUBES, las mismas que buscan potenciar los conocimientos de sus representados, en las diferentes \u00e1reas como: Matem\u00e1ticas, Lenguaje, Inform\u00e1tica, Ciencias y Art\u00edstica, las mismas que les permitir\u00e1n fortalecer las s destrezas en expresi\u00f3n oral, redacci\u00f3n, razonamiento num\u00e9rico, creatividad y tecnolog\u00eda. <\/p>\n\n<p style=\"text-align: justify;\"><span style=\"font-weight: 400;\">En ese sentido, nuestros estudiantes podr\u00e1n participar de los diferentes concursos intercolegiales y espacios radiales a los que a\u00f1o a a\u00f1o somos invitados por instituciones educativas de gran prestigio como, Universidad Cat\u00f3lica de Guayaquil, Universidad Casa Grande, Corpeducar, entre otros; adem\u00e1s concursos internos y presentaciones de aquellos productos logrados. <\/span><\/p>\n\n<p style=\"text-align: justify;\"><span style=\"font-weight: 400;\">Bajo esta premisa, cabe recalcar que esta actividad no representa un curso de nivelaci\u00f3n, por lo que la elecci\u00f3n del estudiante para participar en cada uno de los clubes ser\u00e1 por absoluta afinidad con los mismos.<\/span><\/p>\t\t\t\t\t\t\t\t<\/div>\n\t\t\t\t<\/div>\n\t\t\t\t\t<\/div>\n\t\t<\/div>\n\t\t\t\t<div class=\"elementor-column elementor-col-50 elementor-top-column elementor-element elementor-element-40ee3184\" data-id=\"40ee3184\" data-element_type=\"column\" data-e-type=\"column\" data-settings=\"{&quot;background_background&quot;:&quot;classic&quot;}\">\n\t\t\t<div class=\"elementor-widget-wrap elementor-element-populated\">\n\t\t\t\t\t\t<div class=\"elementor-element elementor-element-9083b71 elementor-widget elementor-widget-image\" data-id=\"9083b71\" data-element_type=\"widget\" data-e-type=\"widget\" data-widget_type=\"image.default\">\n\t\t\t\t<div class=\"elementor-widget-container\">\n\t\t\t\t\t\t\t\t\t\t\t\t\t\t\t<img fetchpriority=\"high\" decoding=\"async\" width=\"853\" height=\"1024\" src=\"https:\/\/www.lemas.edu.ec\/ml2\/wp-content\/uploads\/2024\/05\/Horario-actividades-extracurriculares-Web-03-853x1024.jpg\" class=\"attachment-large size-large wp-image-6212\" alt=\"\" srcset=\"https:\/\/www.lemas.edu.ec\/ml2\/wp-content\/uploads\/2024\/05\/Horario-actividades-extracurriculares-Web-03-853x1024.jpg 853w, https:\/\/www.lemas.edu.ec\/ml2\/wp-content\/uploads\/2024\/05\/Horario-actividades-extracurriculares-Web-03-250x300.jpg 250w, https:\/\/www.lemas.edu.ec\/ml2\/wp-content\/uploads\/2024\/05\/Horario-actividades-extracurriculares-Web-03-83x100.jpg 83w, https:\/\/www.lemas.edu.ec\/ml2\/wp-content\/uploads\/2024\/05\/Horario-actividades-extracurriculares-Web-03.jpg 900w, https:\/\/www.lemas.edu.ec\/ml2\/wp-content\/uploads\/2024\/05\/Horario-actividades-extracurriculares-Web-03-125x150.jpg 125w\" sizes=\"(max-width: 853px) 100vw, 853px\" \/>\t\t\t\t\t\t\t\t\t\t\t\t\t\t\t<\/div>\n\t\t\t\t<\/div>\n\t\t\t\t<div class=\"elementor-element elementor-element-3fd97e6 elementor-widget elementor-widget-button\" data-id=\"3fd97e6\" data-element_type=\"widget\" data-e-type=\"widget\" data-widget_type=\"button.default\">\n\t\t\t\t<div class=\"elementor-widget-container\">\n\t\t\t\t\t\t\t\t\t<div class=\"elementor-button-wrapper\">\n\t\t\t\t\t<a class=\"elementor-button elementor-button-link elementor-size-sm\" href=\"https:\/\/forms.gle\/vB5zzqPMkFZZepd28\" target=\"_blank\">\n\t\t\t\t\t\t<span class=\"elementor-button-content-wrapper\">\n\t\t\t\t\t\t\t\t\t<span class=\"elementor-button-text\">Inscribirse clubes<\/span>\n\t\t\t\t\t<\/span>\n\t\t\t\t\t<\/a>\n\t\t\t\t<\/div>\n\t\t\t\t\t\t\t\t<\/div>\n\t\t\t\t<\/div>\n\t\t\t\t\t<\/div>\n\t\t<\/div>\n\t\t\t\t\t<\/div>\n\t\t<\/section>\n\t\t\t\t<section class=\"elementor-section elementor-top-section elementor-element elementor-element-33dd1253 elementor-section-boxed elementor-section-height-default elementor-section-height-default\" data-id=\"33dd1253\" data-element_type=\"section\" data-e-type=\"section\" data-settings=\"{&quot;background_background&quot;:&quot;classic&quot;}\">\n\t\t\t\t\t\t<div class=\"elementor-container elementor-column-gap-default\">\n\t\t\t\t\t<div class=\"elementor-column elementor-col-100 elementor-top-column elementor-element elementor-element-2520b0ea\" data-id=\"2520b0ea\" data-element_type=\"column\" data-e-type=\"column\">\n\t\t\t<div class=\"elementor-widget-wrap elementor-element-populated\">\n\t\t\t\t\t\t<div class=\"elementor-element elementor-element-33d7da26 elementor-arrows-position-inside elementor-widget elementor-widget-image-carousel\" data-id=\"33d7da26\" data-element_type=\"widget\" data-e-type=\"widget\" data-settings=\"{&quot;navigation&quot;:&quot;arrows&quot;,&quot;autoplay&quot;:&quot;yes&quot;,&quot;pause_on_hover&quot;:&quot;yes&quot;,&quot;pause_on_interaction&quot;:&quot;yes&quot;,&quot;autoplay_speed&quot;:5000,&quot;infinite&quot;:&quot;yes&quot;,&quot;speed&quot;:500}\" data-widget_type=\"image-carousel.default\">\n\t\t\t\t<div class=\"elementor-widget-container\">\n\t\t\t\t\t\t\t<div class=\"elementor-image-carousel-wrapper swiper\" role=\"region\" aria-roledescription=\"carousel\" aria-label=\"Carrusel de im\u00e1genes\" dir=\"ltr\">\n\t\t\t<div class=\"elementor-image-carousel swiper-wrapper\" aria-live=\"off\">\n\t\t\t\t\t\t\t\t<div class=\"swiper-slide\" role=\"group\" aria-roledescription=\"slide\" aria-label=\"1 of 7\"><figure class=\"swiper-slide-inner\"><img decoding=\"async\" class=\"swiper-slide-image\" src=\"https:\/\/www.lemas.edu.ec\/ml2\/wp-content\/uploads\/2020\/03\/girl-with-brown-eyes-glasses-looking-smiling-cheerful-happy-eyewear-smart-eyeglasses_23-2147879238-1-626x417.jpg\" alt=\"girl-with-brown-eyes-glasses-looking-smiling-cheerful-happy-eyewear-smart-eyeglasses_23-2147879238\" \/><\/figure><\/div><div class=\"swiper-slide\" role=\"group\" aria-roledescription=\"slide\" aria-label=\"2 of 7\"><figure class=\"swiper-slide-inner\"><img decoding=\"async\" class=\"swiper-slide-image\" src=\"https:\/\/www.lemas.edu.ec\/ml2\/wp-content\/uploads\/2020\/03\/girl-desktop-classroom_23-2147664154-626x417.jpg\" alt=\"girl-desktop-classroom_23-2147664154\" \/><\/figure><\/div><div class=\"swiper-slide\" role=\"group\" aria-roledescription=\"slide\" aria-label=\"3 of 7\"><figure class=\"swiper-slide-inner\"><img decoding=\"async\" class=\"swiper-slide-image\" src=\"https:\/\/www.lemas.edu.ec\/ml2\/wp-content\/uploads\/2020\/03\/children-learning-chemistry_1098-16774-626x417.jpg\" alt=\"children-learning-chemistry_1098-16774\" \/><\/figure><\/div><div class=\"swiper-slide\" role=\"group\" aria-roledescription=\"slide\" aria-label=\"4 of 7\"><figure class=\"swiper-slide-inner\"><img decoding=\"async\" class=\"swiper-slide-image\" src=\"https:\/\/www.lemas.edu.ec\/ml2\/wp-content\/uploads\/2020\/03\/boy-sitting-leaning-hand-reading_23-2147664187-626x417.jpg\" alt=\"boy-sitting-leaning-hand-reading_23-2147664187\" \/><\/figure><\/div><div class=\"swiper-slide\" role=\"group\" aria-roledescription=\"slide\" aria-label=\"5 of 7\"><figure class=\"swiper-slide-inner\"><img decoding=\"async\" class=\"swiper-slide-image\" src=\"https:\/\/www.lemas.edu.ec\/ml2\/wp-content\/uploads\/2020\/03\/0C7A8769-1-800x533.jpg\" alt=\"0C7A8769-1.jpg\" \/><\/figure><\/div><div class=\"swiper-slide\" role=\"group\" aria-roledescription=\"slide\" aria-label=\"6 of 7\"><figure class=\"swiper-slide-inner\"><img decoding=\"async\" class=\"swiper-slide-image\" src=\"https:\/\/www.lemas.edu.ec\/ml2\/wp-content\/uploads\/2020\/03\/8160443-1-800x531.jpg\" alt=\"8160443-1.jpg\" \/><\/figure><\/div><div class=\"swiper-slide\" role=\"group\" aria-roledescription=\"slide\" aria-label=\"7 of 7\"><figure class=\"swiper-slide-inner\"><img decoding=\"async\" class=\"swiper-slide-image\" src=\"https:\/\/www.lemas.edu.ec\/ml2\/wp-content\/uploads\/2020\/03\/unnamed-file-800x533.jpg\" alt=\"unnamed-file.jpg\" \/><\/figure><\/div>\t\t\t<\/div>\n\t\t\t\t\t\t\t\t\t\t\t\t<div class=\"elementor-swiper-button elementor-swiper-button-prev\" role=\"button\" tabindex=\"0\">\n\t\t\t\t\t\t<i aria-hidden=\"true\" class=\"eicon-chevron-left\"><\/i>\t\t\t\t\t<\/div>\n\t\t\t\t\t<div class=\"elementor-swiper-button elementor-swiper-button-next\" role=\"button\" tabindex=\"0\">\n\t\t\t\t\t\t<i aria-hidden=\"true\" class=\"eicon-chevron-right\"><\/i>\t\t\t\t\t<\/div>\n\t\t\t\t\n\t\t\t\t\t\t\t\t\t<\/div>\n\t\t\t\t\t\t<\/div>\n\t\t\t\t<\/div>\n\t\t\t\t\t<\/div>\n\t\t<\/div>\n\t\t\t\t\t<\/div>\n\t\t<\/section>\n\t\t\t\t<\/div>\n\t\t","protected":false},"excerpt":{"rendered":"<p>Clubes &#8220;La educaci\u00f3n es el pasaporte hacia el futuro; el ma\u00f1ana pertenece a aquellos que se preparan para \u00e9l en el d\u00eda de hoy.&#8221;Malcom X.&nbsp;<a href=\"https:\/\/www.lemas.edu.ec\/ml2\/clubes\/\">&hellip;<\/a><\/p>\n","protected":false},"author":1,"featured_media":0,"parent":0,"menu_order":0,"comment_status":"closed","ping_status":"closed","template":"template-fullwidth-no-title.php","meta":{"footnotes":""},"class_list":["post-5442","page","type-page","status-publish","hentry","odd"],"_links":{"self":[{"href":"https:\/\/www.lemas.edu.ec\/ml2\/wp-json\/wp\/v2\/pages\/5442","targetHints":{"allow":["GET"]}}],"collection":[{"href":"https:\/\/www.lemas.edu.ec\/ml2\/wp-json\/wp\/v2\/pages"}],"about":[{"href":"https:\/\/www.lemas.edu.ec\/ml2\/wp-json\/wp\/v2\/types\/page"}],"author":[{"embeddable":true,"href":"https:\/\/www.lemas.edu.ec\/ml2\/wp-json\/wp\/v2\/users\/1"}],"replies":[{"embeddable":true,"href":"https:\/\/www.lemas.edu.ec\/ml2\/wp-json\/wp\/v2\/comments?post=5442"}],"version-history":[{"count":37,"href":"https:\/\/www.lemas.edu.ec\/ml2\/wp-json\/wp\/v2\/pages\/5442\/revisions"}],"predecessor-version":[{"id":6940,"href":"https:\/\/www.lemas.edu.ec\/ml2\/wp-json\/wp\/v2\/pages\/5442\/revisions\/6940"}],"wp:attachment":[{"href":"https:\/\/www.lemas.edu.ec\/ml2\/wp-json\/wp\/v2\/media?parent=5442"}],"curies":[{"name":"wp","href":"https:\/\/api.w.org\/{rel}","templated":true}]}}